{"id":16,"date":"2024-04-29T22:45:52","date_gmt":"2024-04-29T19:45:52","guid":{"rendered":"https:\/\/aviator-gaming.com\/?page_id=16"},"modified":"2026-04-10T11:53:26","modified_gmt":"2026-04-10T08:53:26","slug":"reviews-of-the-online-game-aviator","status":"publish","type":"page","link":"https:\/\/aviator-gaming.com\/es\/reviews-of-the-online-game-aviator\/","title":{"rendered":"Rese\u00f1as del Juego en L\u00ednea Aviator"},"content":{"rendered":"<p>Recientemente le\u00ed algunas rese\u00f1as de jugadores sobre el juego Aviator y decid\u00ed compartir mi opini\u00f3n. A juzgar por los comentarios, este juego de crash est\u00e1 atrayendo el inter\u00e9s de la mayor\u00eda de los usuarios. Las rese\u00f1as a menudo mencionan el emocionante proceso y el enfoque no convencional del juego, que difiere de los juegos de casino cl\u00e1sicos.<\/p>\n<style>\n    noindex{\n        width: 100%;\n        display: flex;\n        justify-content: center;\n        margin: 1em 0;\n    }\n    body noindex .rating_btn {\n        display: flex;\n        align-items: center;\n        justify-content: center;\n        padding: 12px 16px;\n        border-radius: 14px;\n        border: 1px solid rgb(255 255 255 \/ 12%);\n        background: linear-gradient(180deg, rgba(255, 255, 255, 0.1), rgba(255, 255, 255, 0.03)), #2f7dff;\n        color: white;\n        text-decoration: none;\n        font-weight: 800;\n        letter-spacing: 0.2px;\n        transition: 300ms;\n        box-shadow: 0 12px 26px rgba(47, 125, 255, 0.35);\n        cursor: pointer;\n        font-size: 18px;\n    }\n    .rating_btn:hover {\n        background: linear-gradient(180deg, rgba(255, 255, 255, 0.1), rgba(255, 255, 255, 0.03)), #2060cc;\n    }    \n    noindex br{\n        display: none;\n    }\n<\/style>\n<p><noindex><br \/>\n    <a class=\"rating_btn\" href=\"https:\/\/www.gotoplaynow.link\/c\/531f4d32b72f085e\" rel=\"nofollow\" target=\"_blank\" title=\"Jugar con bono\"><br \/>\n        Jugar con bono<br \/>\n    <\/a><br \/>\n<\/noindex><\/p>\n<p>La mayor\u00eda de los jugadores expresan emociones positivas: disfrutan de la din\u00e1mica del vuelo del avi\u00f3n y la emoci\u00f3n asociada con la posibilidad de su repentino \u00abcrash\u00bb. Las rese\u00f1as tambi\u00e9n suelen mencionar que Aviator puede traer buenas ganancias con el enfoque y la estrategia adecuados.<\/p>\n<p>Al mismo tiempo, hay opiniones de que la suerte juega un papel importante en el juego, y la posibilidad de p\u00e9rdidas r\u00e1pidas agrega riesgo. Algunos usuarios se\u00f1alaron en sus rese\u00f1as que les falta variedad o caracter\u00edsticas adicionales.<\/p>\n<p>En general, se puede decir que el juego Aviator est\u00e1 encontrando sus fans gracias a su concepto no convencional y la adrenalina de predecir el momento \u00f3ptimo para apostar. Las rese\u00f1as son predominantemente positivas con una peque\u00f1a cantidad de comentarios cr\u00edticos.<\/p>\n<p>\u00abEs interesante escuchar las opiniones de los jugadores sobre Aviator. De hecho, en este tipo de juegos, la emoci\u00f3n y la estrategia siempre van juntas, y cada uno aborda el proceso con un nivel diferente de riesgo. Est\u00e1 claro que para algunos, esto es un pasatiempo agradable con la posibilidad de ganar.<\/p>\n<p>\u00a1Los altibajos en el juego de Aviator encienden pasiones!<\/p>\n<p>Un jugador joven, Igor de 24 a\u00f1os, dice: \u00ab\u00a1Es simplemente una locura c\u00f3mo te pierdes r\u00e1pidamente en este juego!\u00bb \u00a1Cada clic es adrenalina al m\u00e1ximo! \u00bfEstoy seguro de que no est\u00e1 ama\u00f1ado? \u00a1Por supuesto que no!<\/p>\n<p>Y esto es lo que dice un jugador experimentado, V\u00edctor de 37 a\u00f1os: \u00ab\u00a1El juego est\u00e1 en el borde del riesgo! \u00bfCrees que todo est\u00e1 programado aqu\u00ed?\u00bb De acuerdo, hay m\u00e1s dudas que certezas.<\/p>\n<p>Los comentarios fluyen como un r\u00edo: algunos acusan a los desarrolladores de manipulaci\u00f3n, \u00bfpero hay alguna evidencia? Otros &#8211; desaf\u00edan al destino y sus nervios. \u00a1Un verdadero campo de batalla para los adictos a la adrenalina! No me sorprender\u00eda si ma\u00f1ana encuentro a\u00fan m\u00e1s debates acalorados y descubrimientos impactantes sobre Aviator. \u00a1Estar\u00e9 atento!\u00bb<\/p>\n<style>\n    noindex{\n        width: 100%;\n        display: flex;\n        justify-content: center;\n        margin: 1em 0;\n    }\n    body noindex .rating_btn {\n        display: flex;\n        align-items: center;\n        justify-content: center;\n        padding: 12px 16px;\n        border-radius: 14px;\n        border: 1px solid rgb(255 255 255 \/ 12%);\n        background: linear-gradient(180deg, rgba(255, 255, 255, 0.1), rgba(255, 255, 255, 0.03)), #2f7dff;\n        color: white;\n        text-decoration: none;\n        font-weight: 800;\n        letter-spacing: 0.2px;\n        transition: 300ms;\n        box-shadow: 0 12px 26px rgba(47, 125, 255, 0.35);\n        cursor: pointer;\n        font-size: 18px;\n    }\n    .rating_btn:hover {\n        background: linear-gradient(180deg, rgba(255, 255, 255, 0.1), rgba(255, 255, 255, 0.03)), #2060cc;\n    }    \n    noindex br{\n        display: none;\n    }\n<\/style>\n<p><noindex><br \/>\n    <a class=\"rating_btn\" href=\"https:\/\/www.gotoplaynow.link\/c\/531f4d32b72f085e\" rel=\"nofollow\" target=\"_blank\" title=\"Jugar con bono\"><br \/>\n        Jugar con bono<br \/>\n    <\/a><br \/>\n<\/noindex><\/p>\n","protected":false},"excerpt":{"rendered":"<p>Recientemente le\u00ed algunas rese\u00f1as de jugadores sobre el juego Aviator y decid\u00ed compartir mi opini\u00f3n. A juzgar por los comentarios, este juego de crash est\u00e1 atrayendo el inter\u00e9s de la &hellip; <a class=\"readmore\" href=\"https:\/\/aviator-gaming.com\/es\/reviews-of-the-online-game-aviator\/\">Seguir leyendo &rarr;<\/a><\/p>\n","protected":false},"author":1,"featured_media":0,"parent":0,"menu_order":0,"comment_status":"closed","ping_status":"closed","template":"","meta":{"footnotes":""},"class_list":["post-16","page","type-page","status-publish","hentry"],"yoast_head":"<!-- This site is optimized with the Yoast SEO plugin v27.2 - https:\/\/yoast.com\/product\/yoast-seo-wordpress\/ -->\n<title>Opiniones de los Jugadores sobre el Juego Aviator<\/title>\n<meta name=\"description\" content=\"Opiniones de los jugadores sobre el juego Aviator. Rese\u00f1a de Aviator, comentarios, opiniones y otras razones para jugar a Aviator seg\u00fan las opiniones de millones de jugadores\" \/>\n<meta name=\"robots\" content=\"index, follow, max-snippet:-1, max-image-preview:large, max-video-preview:-1\" \/>\n<link rel=\"canonical\" href=\"https:\/\/aviator-gaming.com\/es\/reviews-of-the-online-game-aviator\/\" \/>\n<meta property=\"og:locale\" content=\"es_ES\" \/>\n<meta property=\"og:locale:alternate\" content=\"ru_RU\" \/>\n<meta property=\"og:locale:alternate\" content=\"en_US\" \/>\n<meta property=\"og:locale:alternate\" content=\"pt_PT\" \/>\n<meta property=\"og:locale:alternate\" content=\"fr_FR\" \/>\n<meta property=\"og:locale:alternate\" content=\"sr_RS\" \/>\n<meta property=\"og:locale:alternate\" content=\"it_IT\" \/>\n<meta property=\"og:type\" content=\"article\" \/>\n<meta property=\"og:title\" content=\"Opiniones de los Jugadores sobre el Juego Aviator\" \/>\n<meta property=\"og:description\" content=\"Opiniones de los jugadores sobre el juego Aviator. Rese\u00f1a de Aviator, comentarios, opiniones y otras razones para jugar a Aviator seg\u00fan las opiniones de millones de jugadores\" \/>\n<meta property=\"og:url\" content=\"https:\/\/aviator-gaming.com\/es\/reviews-of-the-online-game-aviator\/\" \/>\n<meta property=\"og:site_name\" content=\"Aviator Game\" \/>\n<meta property=\"article:modified_time\" content=\"2026-04-10T08:53:26+00:00\" \/>\n<meta name=\"twitter:card\" content=\"summary_large_image\" \/>\n<meta name=\"twitter:label1\" content=\"Tiempo de lectura\" \/>\n\t<meta name=\"twitter:data1\" content=\"2 minutos\" \/>\n<script type=\"application\/ld+json\" class=\"yoast-schema-graph\">{\"@context\":\"https:\/\/schema.org\",\"@graph\":[{\"@type\":\"WebPage\",\"@id\":\"https:\/\/aviator-gaming.com\/reviews-of-the-online-game-aviator\/\",\"url\":\"https:\/\/aviator-gaming.com\/reviews-of-the-online-game-aviator\/\",\"name\":\"Opiniones de los Jugadores sobre el Juego Aviator\",\"isPartOf\":{\"@id\":\"https:\/\/aviator-gaming.com\/#website\"},\"datePublished\":\"2024-04-29T19:45:52+00:00\",\"dateModified\":\"2026-04-10T08:53:26+00:00\",\"description\":\"Opiniones de los jugadores sobre el juego Aviator. Rese\u00f1a de Aviator, comentarios, opiniones y otras razones para jugar a Aviator seg\u00fan las opiniones de millones de jugadores\",\"breadcrumb\":{\"@id\":\"https:\/\/aviator-gaming.com\/reviews-of-the-online-game-aviator\/#breadcrumb\"},\"inLanguage\":\"es-ES\",\"potentialAction\":[{\"@type\":\"ReadAction\",\"target\":[\"https:\/\/aviator-gaming.com\/reviews-of-the-online-game-aviator\/\"]}]},{\"@type\":\"BreadcrumbList\",\"@id\":\"https:\/\/aviator-gaming.com\/reviews-of-the-online-game-aviator\/#breadcrumb\",\"itemListElement\":[{\"@type\":\"ListItem\",\"position\":1,\"name\":\"\u0413\u043b\u0430\u0432\u043d\u0430\u044f \u0441\u0442\u0440\u0430\u043d\u0438\u0446\u0430\",\"item\":\"https:\/\/aviator-gaming.com\/\"},{\"@type\":\"ListItem\",\"position\":2,\"name\":\"\u041e\u0442\u0437\u044b\u0432\u044b \u043e\u0431 \u043e\u043d\u043b\u0430\u0439\u043d \u0438\u0433\u0440\u0435 \u0410\u0432\u0438\u0430\u0442\u043e\u0440\"}]},{\"@type\":\"WebSite\",\"@id\":\"https:\/\/aviator-gaming.com\/#website\",\"url\":\"https:\/\/aviator-gaming.com\/\",\"name\":\"Crash game Aviator\",\"description\":\"\",\"publisher\":{\"@id\":\"https:\/\/aviator-gaming.com\/#organization\"},\"alternateName\":\"Crash slot Aviator\",\"potentialAction\":[{\"@type\":\"SearchAction\",\"target\":{\"@type\":\"EntryPoint\",\"urlTemplate\":\"https:\/\/aviator-gaming.com\/?s={search_term_string}\"},\"query-input\":{\"@type\":\"PropertyValueSpecification\",\"valueRequired\":true,\"valueName\":\"search_term_string\"}}],\"inLanguage\":\"es-ES\"},{\"@type\":\"Organization\",\"@id\":\"https:\/\/aviator-gaming.com\/#organization\",\"name\":\"Crash game Aviator\",\"url\":\"https:\/\/aviator-gaming.com\/\",\"logo\":{\"@type\":\"ImageObject\",\"inLanguage\":\"es-ES\",\"@id\":\"https:\/\/aviator-gaming.com\/#\/schema\/logo\/image\/\",\"url\":\"https:\/\/aviator-gaming.com\/wp-content\/uploads\/aviator-1.png\",\"contentUrl\":\"https:\/\/aviator-gaming.com\/wp-content\/uploads\/aviator-1.png\",\"width\":580,\"height\":223,\"caption\":\"Crash game Aviator\"},\"image\":{\"@id\":\"https:\/\/aviator-gaming.com\/#\/schema\/logo\/image\/\"}}]}<\/script>\n<!-- \/ Yoast SEO plugin. -->","yoast_head_json":{"title":"Opiniones de los Jugadores sobre el Juego Aviator","description":"Opiniones de los jugadores sobre el juego Aviator. Rese\u00f1a de Aviator, comentarios, opiniones y otras razones para jugar a Aviator seg\u00fan las opiniones de millones de jugadores","robots":{"index":"index","follow":"follow","max-snippet":"max-snippet:-1","max-image-preview":"max-image-preview:large","max-video-preview":"max-video-preview:-1"},"canonical":"https:\/\/aviator-gaming.com\/es\/reviews-of-the-online-game-aviator\/","og_locale":"es_ES","og_type":"article","og_title":"[:ru]\u041e\u0442\u0437\u044b\u0432\u044b \u0438\u0433\u0440\u043e\u043a\u043e\u0432 \u043e\u0431 \u0438\u0433\u0440\u0435 \u0410\u0432\u0438\u0430\u0442\u043e\u0440[:en]Player Reviews of the Aviator Game[:pt]Avalia\u00e7\u00f5es dos Jogadores sobre o Jogo Aviator[:es]Opiniones de los Jugadores sobre el Juego Aviator[:fr]Avis des Joueurs sur le Jeu Aviator[:sr]\u041e\u0446\u0435\u043d\u0435 \u0438\u0433\u0440\u0430\u0447\u0430 \u043e \u0438\u0433\u0440\u0438 \u0410\u0432\u0438\u0458\u0430\u0442\u043e\u0440[:it]Recensioni dei Giocatori sul Gioco Aviator[:]","og_description":"[:ru]\u041c\u043d\u0435\u043d\u0438\u044f \u0438\u0433\u0440\u043e\u043a\u043e\u0432 \u043e\u0431 \u0438\u0433\u0440\u0435 \u0410\u0432\u0438\u0430\u0442\u043e\u0440. \u041e\u0431\u0437\u043e\u0440 \u0410\u0432\u0438\u0430\u0442\u043e\u0440\u0430, \u043e\u0442\u0437\u044b\u0432\u044b, \u043c\u043d\u0435\u043d\u0438\u044f \u0438 \u0434\u0440\u0443\u0433\u0438\u0435 \u043f\u0440\u0438\u0447\u0438\u043d\u044b \u0438\u0433\u0440\u0430\u0442\u044c \u0432 \u0410\u0432\u0438\u0430\u0442\u043e\u0440 \u0441\u043e\u0433\u043b\u0430\u0441\u043d\u043e \u043c\u043d\u0435\u043d\u0438\u044e \u043c\u0438\u043b\u043b\u0438\u043e\u043d\u043e\u0432 \u0438\u0433\u0440\u043e\u043a\u043e\u0432[:en]Player opinions on the Aviator game. Aviator review, feedback, opinions, and other reasons to play Aviator according to the views of millions of players.[:pt]Opini\u00f5es dos jogadores sobre o jogo Aviator. Revis\u00e3o do Aviator, feedback, opini\u00f5es e outras raz\u00f5es para jogar Aviator de acordo com as vis\u00f5es de milh\u00f5es de jogadores.[:es]Opiniones de los jugadores sobre el juego Aviator. Rese\u00f1a de Aviator, comentarios, opiniones y otras razones para jugar a Aviator seg\u00fan las opiniones de millones de jugadores[:fr]Opinions des joueurs sur le jeu Aviator. Revue de l'Aviator, r\u00e9troaction, opinions et autres raisons de jouer \u00e0 l'Aviator selon les avis de millions de joueurs.[:sr]\u041c\u0438\u0448\u0459\u0435\u045a\u0430 \u0438\u0433\u0440\u0430\u0447\u0430 \u043e \u0438\u0433\u0440\u0438 \u0410\u0432\u0438\u0458\u0430\u0442\u043e\u0440. \u041f\u0440\u0435\u0433\u043b\u0435\u0434 \u0410\u0432\u0438\u0458\u0430\u0442\u043e\u0440\u0430, \u043f\u043e\u0432\u0440\u0430\u0442\u043d\u0435 \u0438\u043d\u0444\u043e\u0440\u043c\u0430\u0446\u0438\u0458\u0435, \u043c\u0438\u0448\u0459\u0435\u045a\u0430 \u0438 \u0434\u0440\u0443\u0433\u0438 \u0440\u0430\u0437\u043b\u043e\u0437\u0438 \u0437\u0430 \u0438\u0433\u0440\u0430\u045a\u0435 \u0410\u0432\u0438\u0458\u0430\u0442\u043e\u0440\u0430 \u043f\u0440\u0435\u043c\u0430 \u0441\u0442\u0430\u0432\u043e\u0432\u0438\u043c\u0430 \u043c\u0438\u043b\u0438\u043e\u043d\u0430 \u0438\u0433\u0440\u0430\u0447\u0430.[:it]Opinioni dei giocatori sul gioco Aviator. Recensione di Aviator, feedback, opinioni e altri motivi per giocare ad Aviator secondo le opinioni di milioni di giocatori[:]","og_url":"https:\/\/aviator-gaming.com\/es\/reviews-of-the-online-game-aviator\/","og_site_name":"Aviator Game","article_modified_time":"2026-04-10T08:53:26+00:00","twitter_card":"summary_large_image","twitter_misc":{"Tiempo de lectura":"2 minutos"},"schema":{"@context":"https:\/\/schema.org","@graph":[{"@type":"WebPage","@id":"https:\/\/aviator-gaming.com\/reviews-of-the-online-game-aviator\/","url":"https:\/\/aviator-gaming.com\/reviews-of-the-online-game-aviator\/","name":"Opiniones de los Jugadores sobre el Juego Aviator","isPartOf":{"@id":"https:\/\/aviator-gaming.com\/#website"},"datePublished":"2024-04-29T19:45:52+00:00","dateModified":"2026-04-10T08:53:26+00:00","description":"Opiniones de los jugadores sobre el juego Aviator. Rese\u00f1a de Aviator, comentarios, opiniones y otras razones para jugar a Aviator seg\u00fan las opiniones de millones de jugadores","breadcrumb":{"@id":"https:\/\/aviator-gaming.com\/reviews-of-the-online-game-aviator\/#breadcrumb"},"inLanguage":"es-ES","potentialAction":[{"@type":"ReadAction","target":["https:\/\/aviator-gaming.com\/reviews-of-the-online-game-aviator\/"]}]},{"@type":"BreadcrumbList","@id":"https:\/\/aviator-gaming.com\/reviews-of-the-online-game-aviator\/#breadcrumb","itemListElement":[{"@type":"ListItem","position":1,"name":"\u0413\u043b\u0430\u0432\u043d\u0430\u044f \u0441\u0442\u0440\u0430\u043d\u0438\u0446\u0430","item":"https:\/\/aviator-gaming.com\/"},{"@type":"ListItem","position":2,"name":"\u041e\u0442\u0437\u044b\u0432\u044b \u043e\u0431 \u043e\u043d\u043b\u0430\u0439\u043d \u0438\u0433\u0440\u0435 \u0410\u0432\u0438\u0430\u0442\u043e\u0440"}]},{"@type":"WebSite","@id":"https:\/\/aviator-gaming.com\/#website","url":"https:\/\/aviator-gaming.com\/","name":"Crash game Aviator","description":"","publisher":{"@id":"https:\/\/aviator-gaming.com\/#organization"},"alternateName":"Crash slot Aviator","potentialAction":[{"@type":"SearchAction","target":{"@type":"EntryPoint","urlTemplate":"https:\/\/aviator-gaming.com\/?s={search_term_string}"},"query-input":{"@type":"PropertyValueSpecification","valueRequired":true,"valueName":"search_term_string"}}],"inLanguage":"es-ES"},{"@type":"Organization","@id":"https:\/\/aviator-gaming.com\/#organization","name":"Crash game Aviator","url":"https:\/\/aviator-gaming.com\/","logo":{"@type":"ImageObject","inLanguage":"es-ES","@id":"https:\/\/aviator-gaming.com\/#\/schema\/logo\/image\/","url":"https:\/\/aviator-gaming.com\/wp-content\/uploads\/aviator-1.png","contentUrl":"https:\/\/aviator-gaming.com\/wp-content\/uploads\/aviator-1.png","width":580,"height":223,"caption":"Crash game Aviator"},"image":{"@id":"https:\/\/aviator-gaming.com\/#\/schema\/logo\/image\/"}}]}},"_links":{"self":[{"href":"https:\/\/aviator-gaming.com\/es\/wp-json\/wp\/v2\/pages\/16","targetHints":{"allow":["GET"]}}],"collection":[{"href":"https:\/\/aviator-gaming.com\/es\/wp-json\/wp\/v2\/pages"}],"about":[{"href":"https:\/\/aviator-gaming.com\/es\/wp-json\/wp\/v2\/types\/page"}],"author":[{"embeddable":true,"href":"https:\/\/aviator-gaming.com\/es\/wp-json\/wp\/v2\/users\/1"}],"replies":[{"embeddable":true,"href":"https:\/\/aviator-gaming.com\/es\/wp-json\/wp\/v2\/comments?post=16"}],"version-history":[{"count":25,"href":"https:\/\/aviator-gaming.com\/es\/wp-json\/wp\/v2\/pages\/16\/revisions"}],"predecessor-version":[{"id":113,"href":"https:\/\/aviator-gaming.com\/es\/wp-json\/wp\/v2\/pages\/16\/revisions\/113"}],"wp:attachment":[{"href":"https:\/\/aviator-gaming.com\/es\/wp-json\/wp\/v2\/media?parent=16"}],"curies":[{"name":"wp","href":"https:\/\/api.w.org\/{rel}","templated":true}]}}