{"id":16,"date":"2024-04-29T22:45:52","date_gmt":"2024-04-29T19:45:52","guid":{"rendered":"https:\/\/aviator-gaming.com\/?page_id=16"},"modified":"2026-04-10T11:53:26","modified_gmt":"2026-04-10T08:53:26","slug":"reviews-of-the-online-game-aviator","status":"publish","type":"page","link":"https:\/\/aviator-gaming.com\/fr\/reviews-of-the-online-game-aviator\/","title":{"rendered":"Avis sur le Jeu en Ligne Aviator"},"content":{"rendered":"<p>R\u00e9cemment, j&rsquo;ai lu quelques avis de joueurs sur le jeu Aviator et j&rsquo;ai d\u00e9cid\u00e9 de partager mon opinion. \u00c0 en juger par les retours, ce jeu de crash attire effectivement l&rsquo;int\u00e9r\u00eat de la majorit\u00e9 des utilisateurs. Les avis mentionnent souvent le processus excitant et l&rsquo;approche non conventionnelle du gameplay, qui diff\u00e8re des jeux de casino classiques.<\/p>\n<style>\n    noindex{\n        width: 100%;\n        display: flex;\n        justify-content: center;\n        margin: 1em 0;\n    }\n    body noindex .rating_btn {\n        display: flex;\n        align-items: center;\n        justify-content: center;\n        padding: 12px 16px;\n        border-radius: 14px;\n        border: 1px solid rgb(255 255 255 \/ 12%);\n        background: linear-gradient(180deg, rgba(255, 255, 255, 0.1), rgba(255, 255, 255, 0.03)), #2f7dff;\n        color: white;\n        text-decoration: none;\n        font-weight: 800;\n        letter-spacing: 0.2px;\n        transition: 300ms;\n        box-shadow: 0 12px 26px rgba(47, 125, 255, 0.35);\n        cursor: pointer;\n        font-size: 18px;\n    }\n    .rating_btn:hover {\n        background: linear-gradient(180deg, rgba(255, 255, 255, 0.1), rgba(255, 255, 255, 0.03)), #2060cc;\n    }    \n    noindex br{\n        display: none;\n    }\n<\/style>\n<p><noindex><br \/>\n    <a class=\"rating_btn\" href=\"https:\/\/www.gotoplaynow.link\/c\/531f4d32b72f085e\" rel=\"nofollow\" target=\"_blank\" title=\"Jouer avec un bonus\"><br \/>\n        Jouer avec un bonus<br \/>\n    <\/a><br \/>\n<\/noindex><\/p>\n<p>La plupart des joueurs expriment des \u00e9motions positives : ils appr\u00e9cient la dynamique du vol de l&rsquo;avion et l&rsquo;excitation li\u00e9e \u00e0 la possibilit\u00e9 de son \u00ab\u00a0crash\u00a0\u00bb soudain. Les avis mentionnent \u00e9galement souvent que Aviator peut apporter de bons gains avec la bonne approche et strat\u00e9gie.<\/p>\n<p>En m\u00eame temps, il y a des opinions selon lesquelles la chance joue un r\u00f4le significatif dans le jeu, et la possibilit\u00e9 de pertes rapides ajoute du risque. Certains utilisateurs ont soulign\u00e9 dans leurs avis qu&rsquo;ils manquent de vari\u00e9t\u00e9 ou de fonctionnalit\u00e9s suppl\u00e9mentaires.<\/p>\n<p>Dans l&rsquo;ensemble, on peut dire que le jeu Aviator trouve ses fans gr\u00e2ce \u00e0 son concept non conventionnel et \u00e0 l&rsquo;adr\u00e9naline de pr\u00e9dire le moment optimal pour parier. Les avis sont principalement positifs avec une petite quantit\u00e9 de commentaires critiques.<\/p>\n<p>\u00ab\u00a0Il est int\u00e9ressant d&rsquo;entendre les opinions des joueurs sur Aviator. En effet, dans de tels jeux, l&rsquo;excitation et la strat\u00e9gie vont toujours de pair, et chacun aborde le processus avec un niveau de risque diff\u00e9rent. Il est clair que pour certains, c&rsquo;est un passe-temps agr\u00e9able avec une chance de gagner.<\/p>\n<p>Les hauts et les bas dans le jeu Aviator enflamment les passions !<\/p>\n<p>Un jeune joueur de 24 ans, Igor, dit : \u00ab\u00a0C&rsquo;est juste fou comme on se perd rapidement dans ce jeu !\u00a0\u00bb Chaque clic est de l&rsquo;adr\u00e9naline \u00e0 son maximum ! Suis-je s\u00fbr que ce n&rsquo;est pas truqu\u00e9 ? Bien s\u00fbr que non !<\/p>\n<p>Et voici ce que dit un joueur exp\u00e9riment\u00e9, Victor, 37 ans : \u00ab\u00a0Le jeu est \u00e0 la limite du risque ! Est-ce que je pense que tout est programm\u00e9 ici ?\u00a0\u00bb D&rsquo;accord, il y a plus de doutes que de certitudes !<\/p>\n<p>Les commentaires coulent comme un fleuve : certains accusent les d\u00e9veloppeurs de manipulation &#8211; mais y a-t-il des preuves ? D&rsquo;autres &#8211; d\u00e9fient le destin et leurs nerfs. Un vrai champ de bataille pour les amateurs d&rsquo;adr\u00e9naline ! Je ne serais pas surpris si demain je d\u00e9terrais encore plus de d\u00e9bats enflamm\u00e9s et de d\u00e9couvertes choquantes sur Aviator. Je reste \u00e0 l&rsquo;\u00e9coute !\u00a0\u00bb<\/p>\n<style>\n    noindex{\n        width: 100%;\n        display: flex;\n        justify-content: center;\n        margin: 1em 0;\n    }\n    body noindex .rating_btn {\n        display: flex;\n        align-items: center;\n        justify-content: center;\n        padding: 12px 16px;\n        border-radius: 14px;\n        border: 1px solid rgb(255 255 255 \/ 12%);\n        background: linear-gradient(180deg, rgba(255, 255, 255, 0.1), rgba(255, 255, 255, 0.03)), #2f7dff;\n        color: white;\n        text-decoration: none;\n        font-weight: 800;\n        letter-spacing: 0.2px;\n        transition: 300ms;\n        box-shadow: 0 12px 26px rgba(47, 125, 255, 0.35);\n        cursor: pointer;\n        font-size: 18px;\n    }\n    .rating_btn:hover {\n        background: linear-gradient(180deg, rgba(255, 255, 255, 0.1), rgba(255, 255, 255, 0.03)), #2060cc;\n    }    \n    noindex br{\n        display: none;\n    }\n<\/style>\n<p><noindex><br \/>\n    <a class=\"rating_btn\" href=\"https:\/\/www.gotoplaynow.link\/c\/531f4d32b72f085e\" rel=\"nofollow\" target=\"_blank\" title=\"Jouer avec un bonus\"><br \/>\n        Jouer avec un bonus<br \/>\n    <\/a><br \/>\n<\/noindex><\/p>\n","protected":false},"excerpt":{"rendered":"<p>R\u00e9cemment, j&rsquo;ai lu quelques avis de joueurs sur le jeu Aviator et j&rsquo;ai d\u00e9cid\u00e9 de partager mon opinion. \u00c0 en juger par les retours, ce jeu de crash attire effectivement &hellip; <a class=\"readmore\" href=\"https:\/\/aviator-gaming.com\/fr\/reviews-of-the-online-game-aviator\/\">Continue Reading &rarr;<\/a><\/p>\n","protected":false},"author":1,"featured_media":0,"parent":0,"menu_order":0,"comment_status":"closed","ping_status":"closed","template":"","meta":{"footnotes":""},"class_list":["post-16","page","type-page","status-publish","hentry"],"yoast_head":"<!-- This site is optimized with the Yoast SEO plugin v27.2 - https:\/\/yoast.com\/product\/yoast-seo-wordpress\/ -->\n<title>Avis des Joueurs sur le Jeu Aviator<\/title>\n<meta name=\"description\" content=\"Opinions des joueurs sur le jeu Aviator. Revue de l&#039;Aviator, r\u00e9troaction, opinions et autres raisons de jouer \u00e0 l&#039;Aviator selon les avis de millions de joueurs.\" \/>\n<meta name=\"robots\" content=\"index, follow, max-snippet:-1, max-image-preview:large, max-video-preview:-1\" \/>\n<link rel=\"canonical\" href=\"https:\/\/aviator-gaming.com\/fr\/reviews-of-the-online-game-aviator\/\" \/>\n<meta property=\"og:locale\" content=\"fr_FR\" \/>\n<meta property=\"og:locale:alternate\" content=\"ru_RU\" \/>\n<meta property=\"og:locale:alternate\" content=\"en_US\" \/>\n<meta property=\"og:locale:alternate\" content=\"pt_PT\" \/>\n<meta property=\"og:locale:alternate\" content=\"es_ES\" \/>\n<meta property=\"og:locale:alternate\" content=\"sr_RS\" \/>\n<meta property=\"og:locale:alternate\" content=\"it_IT\" \/>\n<meta property=\"og:type\" content=\"article\" \/>\n<meta property=\"og:title\" content=\"Avis des Joueurs sur le Jeu Aviator\" \/>\n<meta property=\"og:description\" content=\"Opinions des joueurs sur le jeu Aviator. Revue de l&#039;Aviator, r\u00e9troaction, opinions et autres raisons de jouer \u00e0 l&#039;Aviator selon les avis de millions de joueurs.\" \/>\n<meta property=\"og:url\" content=\"https:\/\/aviator-gaming.com\/fr\/reviews-of-the-online-game-aviator\/\" \/>\n<meta property=\"og:site_name\" content=\"Aviator Game\" \/>\n<meta property=\"article:modified_time\" content=\"2026-04-10T08:53:26+00:00\" \/>\n<meta name=\"twitter:card\" content=\"summary_large_image\" \/>\n<meta name=\"twitter:label1\" content=\"Dur\u00e9e de lecture estim\u00e9e\" \/>\n\t<meta name=\"twitter:data1\" content=\"2 minutes\" \/>\n<script type=\"application\/ld+json\" class=\"yoast-schema-graph\">{\"@context\":\"https:\/\/schema.org\",\"@graph\":[{\"@type\":\"WebPage\",\"@id\":\"https:\/\/aviator-gaming.com\/reviews-of-the-online-game-aviator\/\",\"url\":\"https:\/\/aviator-gaming.com\/reviews-of-the-online-game-aviator\/\",\"name\":\"Avis des Joueurs sur le Jeu Aviator\",\"isPartOf\":{\"@id\":\"https:\/\/aviator-gaming.com\/#website\"},\"datePublished\":\"2024-04-29T19:45:52+00:00\",\"dateModified\":\"2026-04-10T08:53:26+00:00\",\"description\":\"Opinions des joueurs sur le jeu Aviator. Revue de l'Aviator, r\u00e9troaction, opinions et autres raisons de jouer \u00e0 l'Aviator selon les avis de millions de joueurs.\",\"breadcrumb\":{\"@id\":\"https:\/\/aviator-gaming.com\/reviews-of-the-online-game-aviator\/#breadcrumb\"},\"inLanguage\":\"fr-FR\",\"potentialAction\":[{\"@type\":\"ReadAction\",\"target\":[\"https:\/\/aviator-gaming.com\/reviews-of-the-online-game-aviator\/\"]}]},{\"@type\":\"BreadcrumbList\",\"@id\":\"https:\/\/aviator-gaming.com\/reviews-of-the-online-game-aviator\/#breadcrumb\",\"itemListElement\":[{\"@type\":\"ListItem\",\"position\":1,\"name\":\"\u0413\u043b\u0430\u0432\u043d\u0430\u044f \u0441\u0442\u0440\u0430\u043d\u0438\u0446\u0430\",\"item\":\"https:\/\/aviator-gaming.com\/\"},{\"@type\":\"ListItem\",\"position\":2,\"name\":\"\u041e\u0442\u0437\u044b\u0432\u044b \u043e\u0431 \u043e\u043d\u043b\u0430\u0439\u043d \u0438\u0433\u0440\u0435 \u0410\u0432\u0438\u0430\u0442\u043e\u0440\"}]},{\"@type\":\"WebSite\",\"@id\":\"https:\/\/aviator-gaming.com\/#website\",\"url\":\"https:\/\/aviator-gaming.com\/\",\"name\":\"Crash game Aviator\",\"description\":\"\",\"publisher\":{\"@id\":\"https:\/\/aviator-gaming.com\/#organization\"},\"alternateName\":\"Crash slot Aviator\",\"potentialAction\":[{\"@type\":\"SearchAction\",\"target\":{\"@type\":\"EntryPoint\",\"urlTemplate\":\"https:\/\/aviator-gaming.com\/?s={search_term_string}\"},\"query-input\":{\"@type\":\"PropertyValueSpecification\",\"valueRequired\":true,\"valueName\":\"search_term_string\"}}],\"inLanguage\":\"fr-FR\"},{\"@type\":\"Organization\",\"@id\":\"https:\/\/aviator-gaming.com\/#organization\",\"name\":\"Crash game Aviator\",\"url\":\"https:\/\/aviator-gaming.com\/\",\"logo\":{\"@type\":\"ImageObject\",\"inLanguage\":\"fr-FR\",\"@id\":\"https:\/\/aviator-gaming.com\/#\/schema\/logo\/image\/\",\"url\":\"https:\/\/aviator-gaming.com\/wp-content\/uploads\/aviator-1.png\",\"contentUrl\":\"https:\/\/aviator-gaming.com\/wp-content\/uploads\/aviator-1.png\",\"width\":580,\"height\":223,\"caption\":\"Crash game Aviator\"},\"image\":{\"@id\":\"https:\/\/aviator-gaming.com\/#\/schema\/logo\/image\/\"}}]}<\/script>\n<!-- \/ Yoast SEO plugin. -->","yoast_head_json":{"title":"Avis des Joueurs sur le Jeu Aviator","description":"Opinions des joueurs sur le jeu Aviator. Revue de l'Aviator, r\u00e9troaction, opinions et autres raisons de jouer \u00e0 l'Aviator selon les avis de millions de joueurs.","robots":{"index":"index","follow":"follow","max-snippet":"max-snippet:-1","max-image-preview":"max-image-preview:large","max-video-preview":"max-video-preview:-1"},"canonical":"https:\/\/aviator-gaming.com\/fr\/reviews-of-the-online-game-aviator\/","og_locale":"fr_FR","og_type":"article","og_title":"[:ru]\u041e\u0442\u0437\u044b\u0432\u044b \u0438\u0433\u0440\u043e\u043a\u043e\u0432 \u043e\u0431 \u0438\u0433\u0440\u0435 \u0410\u0432\u0438\u0430\u0442\u043e\u0440[:en]Player Reviews of the Aviator Game[:pt]Avalia\u00e7\u00f5es dos Jogadores sobre o Jogo Aviator[:es]Opiniones de los Jugadores sobre el Juego Aviator[:fr]Avis des Joueurs sur le Jeu Aviator[:sr]\u041e\u0446\u0435\u043d\u0435 \u0438\u0433\u0440\u0430\u0447\u0430 \u043e \u0438\u0433\u0440\u0438 \u0410\u0432\u0438\u0458\u0430\u0442\u043e\u0440[:it]Recensioni dei Giocatori sul Gioco Aviator[:]","og_description":"[:ru]\u041c\u043d\u0435\u043d\u0438\u044f \u0438\u0433\u0440\u043e\u043a\u043e\u0432 \u043e\u0431 \u0438\u0433\u0440\u0435 \u0410\u0432\u0438\u0430\u0442\u043e\u0440. \u041e\u0431\u0437\u043e\u0440 \u0410\u0432\u0438\u0430\u0442\u043e\u0440\u0430, \u043e\u0442\u0437\u044b\u0432\u044b, \u043c\u043d\u0435\u043d\u0438\u044f \u0438 \u0434\u0440\u0443\u0433\u0438\u0435 \u043f\u0440\u0438\u0447\u0438\u043d\u044b \u0438\u0433\u0440\u0430\u0442\u044c \u0432 \u0410\u0432\u0438\u0430\u0442\u043e\u0440 \u0441\u043e\u0433\u043b\u0430\u0441\u043d\u043e \u043c\u043d\u0435\u043d\u0438\u044e \u043c\u0438\u043b\u043b\u0438\u043e\u043d\u043e\u0432 \u0438\u0433\u0440\u043e\u043a\u043e\u0432[:en]Player opinions on the Aviator game. Aviator review, feedback, opinions, and other reasons to play Aviator according to the views of millions of players.[:pt]Opini\u00f5es dos jogadores sobre o jogo Aviator. Revis\u00e3o do Aviator, feedback, opini\u00f5es e outras raz\u00f5es para jogar Aviator de acordo com as vis\u00f5es de milh\u00f5es de jogadores.[:es]Opiniones de los jugadores sobre el juego Aviator. Rese\u00f1a de Aviator, comentarios, opiniones y otras razones para jugar a Aviator seg\u00fan las opiniones de millones de jugadores[:fr]Opinions des joueurs sur le jeu Aviator. Revue de l'Aviator, r\u00e9troaction, opinions et autres raisons de jouer \u00e0 l'Aviator selon les avis de millions de joueurs.[:sr]\u041c\u0438\u0448\u0459\u0435\u045a\u0430 \u0438\u0433\u0440\u0430\u0447\u0430 \u043e \u0438\u0433\u0440\u0438 \u0410\u0432\u0438\u0458\u0430\u0442\u043e\u0440. \u041f\u0440\u0435\u0433\u043b\u0435\u0434 \u0410\u0432\u0438\u0458\u0430\u0442\u043e\u0440\u0430, \u043f\u043e\u0432\u0440\u0430\u0442\u043d\u0435 \u0438\u043d\u0444\u043e\u0440\u043c\u0430\u0446\u0438\u0458\u0435, \u043c\u0438\u0448\u0459\u0435\u045a\u0430 \u0438 \u0434\u0440\u0443\u0433\u0438 \u0440\u0430\u0437\u043b\u043e\u0437\u0438 \u0437\u0430 \u0438\u0433\u0440\u0430\u045a\u0435 \u0410\u0432\u0438\u0458\u0430\u0442\u043e\u0440\u0430 \u043f\u0440\u0435\u043c\u0430 \u0441\u0442\u0430\u0432\u043e\u0432\u0438\u043c\u0430 \u043c\u0438\u043b\u0438\u043e\u043d\u0430 \u0438\u0433\u0440\u0430\u0447\u0430.[:it]Opinioni dei giocatori sul gioco Aviator. Recensione di Aviator, feedback, opinioni e altri motivi per giocare ad Aviator secondo le opinioni di milioni di giocatori[:]","og_url":"https:\/\/aviator-gaming.com\/fr\/reviews-of-the-online-game-aviator\/","og_site_name":"Aviator Game","article_modified_time":"2026-04-10T08:53:26+00:00","twitter_card":"summary_large_image","twitter_misc":{"Dur\u00e9e de lecture estim\u00e9e":"2 minutes"},"schema":{"@context":"https:\/\/schema.org","@graph":[{"@type":"WebPage","@id":"https:\/\/aviator-gaming.com\/reviews-of-the-online-game-aviator\/","url":"https:\/\/aviator-gaming.com\/reviews-of-the-online-game-aviator\/","name":"Avis des Joueurs sur le Jeu Aviator","isPartOf":{"@id":"https:\/\/aviator-gaming.com\/#website"},"datePublished":"2024-04-29T19:45:52+00:00","dateModified":"2026-04-10T08:53:26+00:00","description":"Opinions des joueurs sur le jeu Aviator. Revue de l'Aviator, r\u00e9troaction, opinions et autres raisons de jouer \u00e0 l'Aviator selon les avis de millions de joueurs.","breadcrumb":{"@id":"https:\/\/aviator-gaming.com\/reviews-of-the-online-game-aviator\/#breadcrumb"},"inLanguage":"fr-FR","potentialAction":[{"@type":"ReadAction","target":["https:\/\/aviator-gaming.com\/reviews-of-the-online-game-aviator\/"]}]},{"@type":"BreadcrumbList","@id":"https:\/\/aviator-gaming.com\/reviews-of-the-online-game-aviator\/#breadcrumb","itemListElement":[{"@type":"ListItem","position":1,"name":"\u0413\u043b\u0430\u0432\u043d\u0430\u044f \u0441\u0442\u0440\u0430\u043d\u0438\u0446\u0430","item":"https:\/\/aviator-gaming.com\/"},{"@type":"ListItem","position":2,"name":"\u041e\u0442\u0437\u044b\u0432\u044b \u043e\u0431 \u043e\u043d\u043b\u0430\u0439\u043d \u0438\u0433\u0440\u0435 \u0410\u0432\u0438\u0430\u0442\u043e\u0440"}]},{"@type":"WebSite","@id":"https:\/\/aviator-gaming.com\/#website","url":"https:\/\/aviator-gaming.com\/","name":"Crash game Aviator","description":"","publisher":{"@id":"https:\/\/aviator-gaming.com\/#organization"},"alternateName":"Crash slot Aviator","potentialAction":[{"@type":"SearchAction","target":{"@type":"EntryPoint","urlTemplate":"https:\/\/aviator-gaming.com\/?s={search_term_string}"},"query-input":{"@type":"PropertyValueSpecification","valueRequired":true,"valueName":"search_term_string"}}],"inLanguage":"fr-FR"},{"@type":"Organization","@id":"https:\/\/aviator-gaming.com\/#organization","name":"Crash game Aviator","url":"https:\/\/aviator-gaming.com\/","logo":{"@type":"ImageObject","inLanguage":"fr-FR","@id":"https:\/\/aviator-gaming.com\/#\/schema\/logo\/image\/","url":"https:\/\/aviator-gaming.com\/wp-content\/uploads\/aviator-1.png","contentUrl":"https:\/\/aviator-gaming.com\/wp-content\/uploads\/aviator-1.png","width":580,"height":223,"caption":"Crash game Aviator"},"image":{"@id":"https:\/\/aviator-gaming.com\/#\/schema\/logo\/image\/"}}]}},"_links":{"self":[{"href":"https:\/\/aviator-gaming.com\/fr\/wp-json\/wp\/v2\/pages\/16","targetHints":{"allow":["GET"]}}],"collection":[{"href":"https:\/\/aviator-gaming.com\/fr\/wp-json\/wp\/v2\/pages"}],"about":[{"href":"https:\/\/aviator-gaming.com\/fr\/wp-json\/wp\/v2\/types\/page"}],"author":[{"embeddable":true,"href":"https:\/\/aviator-gaming.com\/fr\/wp-json\/wp\/v2\/users\/1"}],"replies":[{"embeddable":true,"href":"https:\/\/aviator-gaming.com\/fr\/wp-json\/wp\/v2\/comments?post=16"}],"version-history":[{"count":25,"href":"https:\/\/aviator-gaming.com\/fr\/wp-json\/wp\/v2\/pages\/16\/revisions"}],"predecessor-version":[{"id":113,"href":"https:\/\/aviator-gaming.com\/fr\/wp-json\/wp\/v2\/pages\/16\/revisions\/113"}],"wp:attachment":[{"href":"https:\/\/aviator-gaming.com\/fr\/wp-json\/wp\/v2\/media?parent=16"}],"curies":[{"name":"wp","href":"https:\/\/api.w.org\/{rel}","templated":true}]}}