{"id":12,"date":"2024-04-29T22:41:02","date_gmt":"2024-04-29T19:41:02","guid":{"rendered":"https:\/\/aviator-gaming.com\/?page_id=12"},"modified":"2026-04-10T11:50:46","modified_gmt":"2026-04-10T08:50:46","slug":"aviator-game-conquering-the-demo-version-without-risk-or-investment","status":"publish","type":"page","link":"https:\/\/aviator-gaming.com\/it\/aviator-game-conquering-the-demo-version-without-risk-or-investment\/","title":{"rendered":"Gioco Aviator: Conquistare la Versione Demo Senza Rischi o Investimenti"},"content":{"rendered":"<p>Nel dinamico mondo dell&#8217;intrattenimento del gioco d&#8217;azzardo, dove ogni settimana compaiono nuove slot e macchine per il gioco, il gioco Aviator occupa un posto speciale. Questa offerta insolita si distingue dalle normali slot con il suo concetto unico e il gameplay. Gli sviluppatori hanno fornito l&#8217;opportunit\u00e0 di giocare ad Aviator gratuitamente in modo che gli utenti possano comprendere la meccanica di gioco senza rischiare il proprio portafoglio.<\/p>\n<style>\n    noindex{\n        width: 100%;\n        display: flex;\n        justify-content: center;\n        margin: 1em 0;\n    }\n    body noindex .rating_btn {\n        display: flex;\n        align-items: center;\n        justify-content: center;\n        padding: 12px 16px;\n        border-radius: 14px;\n        border: 1px solid rgb(255 255 255 \/ 12%);\n        background: linear-gradient(180deg, rgba(255, 255, 255, 0.1), rgba(255, 255, 255, 0.03)), #2f7dff;\n        color: white;\n        text-decoration: none;\n        font-weight: 800;\n        letter-spacing: 0.2px;\n        transition: 300ms;\n        box-shadow: 0 12px 26px rgba(47, 125, 255, 0.35);\n        cursor: pointer;\n        font-size: 18px;\n    }\n    .rating_btn:hover {\n        background: linear-gradient(180deg, rgba(255, 255, 255, 0.1), rgba(255, 255, 255, 0.03)), #2060cc;\n    }    \n    noindex br{\n        display: none;\n    }\n<\/style>\n<p><noindex><br \/>\n    <a class=\"rating_btn\" href=\"https:\/\/www.gotoplaynow.link\/c\/531f4d32b72f085e\" rel=\"nofollow\" target=\"_blank\" title=\"Gioca con il bonus\"><br \/>\n        Gioca con il bonus<br \/>\n    <\/a><br \/>\n<\/noindex><\/p>\n<h2><strong>Modalit\u00e0 Demo<\/strong><\/h2>\n<p>La versione demo \u00e8 uno strumento efficace per i giocatori principianti. Fornisce una panoramica completa del gioco senza richiedere investimenti finanziari. Nel caso di Aviator, la modalit\u00e0 demo consente agli utenti di approfondire le sfumature della gestione delle scommesse e sviluppare la propria strategia di scommessa, che sar\u00e0 senza dubbio utile durante il passaggio al gioco con denaro reale.<\/p>\n<h2><strong>Perch\u00e9 Iniziare con una Demo?<\/strong><\/h2>\n<ol>\n<li><strong>Sicurezza:<\/strong> I giocatori non perdono soldi, poich\u00e9 tutte le scommesse vengono effettuate con valuta virtuale.<\/li>\n<li><strong>Valore Educativo:<\/strong> La versione demo \u00e8 un&#8217;ottima opportunit\u00e0 per imparare le regole senza fretta, padroneggiando gli aspetti e le funzionalit\u00e0.<\/li>\n<li><strong>Strategie:<\/strong> Gli utenti possono testare diverse strategie di scommessa, aumentando le loro possibilit\u00e0 di successo in futuro.<\/li>\n<li><strong>Divertimento Senza Impegni:<\/strong> Utilizzare la versione demo consente di godersi il gioco per coloro che non vogliono partecipare al gioco d&#8217;azzardo per soldi.<\/li>\n<\/ol>\n<h2><strong>Come Iniziare a Giocare Gratuitamente?<\/strong><\/h2>\n<p>Per iniziare a giocare in modalit\u00e0 demo, \u00e8 necessario scegliere un casin\u00f2 online con software Aviator con licenza. Sul sito del casin\u00f2, di solito \u00e8 sufficiente selezionare l&#8217;opzione &#8220;Demo&#8221; o &#8220;Gioca Gratis&#8221;. Successivamente, il sistema accredita una certa quantit\u00e0 di crediti virtuali per effettuare scommesse.<\/p>\n<h2><strong>Meccanica e Caratteristiche<\/strong><\/h2>\n<p>Il gioco Aviator si basa sul concetto di un coefficiente crescente: pi\u00f9 a lungo l&#8217;aereo vola prima che &#8220;scompaia&#8221;, pi\u00f9 alto \u00e8 il moltiplicatore del coefficiente. Il compito del giocatore \u00e8 riscuotere le vincite prima che l&#8217;aereo &#8220;scompaia dalla vista&#8221;.<\/p>\n<h2><strong>Aspetti Importanti:<\/strong><\/h2>\n<ul>\n<li><strong>Gestione del Tempo:<\/strong> Il tempo \u00e8 un fattore cruciale; \u00e8 necessario fare una scommessa prima dell&#8217;inizio del prossimo &#8220;volo&#8221; e piazzarla al momento giusto.<\/li>\n<li><strong>Analisi delle Probabilit\u00e0:<\/strong> Con il passare dei secondi, aumenta il rischio della partenza dell&#8217;aviazione; bisogna valutare la probabilit\u00e0 e fare una scelta informata.<\/li>\n<li><strong>Cambio di Strategia:<\/strong> La possibilit\u00e0 di sperimentare strategie senza perdite consente lo sviluppo di nuovi approcci alla gestione del bankroll.<\/li>\n<\/ul>\n<h2><strong>Trasformazione dell&#8217;Esperienza<\/strong><\/h2>\n<p>Giocare in formato demo consente ai giocatori di trasferire competenze e conoscenze acquisite sul campo delle vere battaglie del gioco d&#8217;azzardo. Tuttavia, bisogna ricordare l&#8217;impatto psicologico del rischio del denaro reale rispetto ai crediti virtuali.<\/p>\n<h2><strong>Conclusione<\/strong><\/h2>\n<p>Gioca in modo responsabile: approfitta dell&#8217;ambiente sicuro della versione demo di Aviator per un apprendimento costruttivo e lo sviluppo di strategie senza conseguenze finanziarie. Solo trasferendo l&#8217;esperienza dal mondo virtuale alle piattaforme con denaro reale \u00e8 possibile ottenere vincite significative.<\/p>\n<p>In conclusione, vediamo che la disponibilit\u00e0 della versione gratuita del gioco \u00e8 una mossa generosa degli sviluppatori per attrarre nuovi utenti e un&#8217;opportunit\u00e0 per gli appassionati di gioco d&#8217;azzardo di ampliare la propria esperienza senza danneggiare le proprie finanze personali. Prova la tua fortuna in Aviator gratuitamente per raggiungere nuove vette di successo!<\/p>\n<style>\n    noindex{\n        width: 100%;\n        display: flex;\n        justify-content: center;\n        margin: 1em 0;\n    }\n    body noindex .rating_btn {\n        display: flex;\n        align-items: center;\n        justify-content: center;\n        padding: 12px 16px;\n        border-radius: 14px;\n        border: 1px solid rgb(255 255 255 \/ 12%);\n        background: linear-gradient(180deg, rgba(255, 255, 255, 0.1), rgba(255, 255, 255, 0.03)), #2f7dff;\n        color: white;\n        text-decoration: none;\n        font-weight: 800;\n        letter-spacing: 0.2px;\n        transition: 300ms;\n        box-shadow: 0 12px 26px rgba(47, 125, 255, 0.35);\n        cursor: pointer;\n        font-size: 18px;\n    }\n    .rating_btn:hover {\n        background: linear-gradient(180deg, rgba(255, 255, 255, 0.1), rgba(255, 255, 255, 0.03)), #2060cc;\n    }    \n    noindex br{\n        display: none;\n    }\n<\/style>\n<p><noindex><br \/>\n    <a class=\"rating_btn\" href=\"https:\/\/www.gotoplaynow.link\/c\/531f4d32b72f085e\" rel=\"nofollow\" target=\"_blank\" title=\"Gioca con il bonus\"><br \/>\n        Gioca con il bonus<br \/>\n    <\/a><br \/>\n<\/noindex><\/p>\n","protected":false},"excerpt":{"rendered":"<p>Nel dinamico mondo dell&#8217;intrattenimento del gioco d&#8217;azzardo, dove ogni settimana compaiono nuove slot e macchine per il gioco, il gioco Aviator occupa un posto speciale. Questa offerta insolita si distingue &hellip; <a class=\"readmore\" href=\"https:\/\/aviator-gaming.com\/it\/aviator-game-conquering-the-demo-version-without-risk-or-investment\/\">Continue Reading &rarr;<\/a><\/p>\n","protected":false},"author":1,"featured_media":0,"parent":0,"menu_order":0,"comment_status":"closed","ping_status":"closed","template":"","meta":{"footnotes":""},"class_list":["post-12","page","type-page","status-publish","hentry"],"yoast_head":"<!-- This site is optimized with the Yoast SEO plugin v27.2 - https:\/\/yoast.com\/product\/yoast-seo-wordpress\/ -->\n<title>Gioca ad Aviator Gratis<\/title>\n<meta name=\"description\" content=\"Abbiamo raccolto tutte le informazioni su come giocare alla tua slot preferita, Aviator, gratuitamente. Come scegliere la versione demo, giocare senza puntare e altre caratteristiche del gioco gratuito.\" \/>\n<meta name=\"robots\" content=\"index, follow, max-snippet:-1, max-image-preview:large, max-video-preview:-1\" \/>\n<link rel=\"canonical\" href=\"https:\/\/aviator-gaming.com\/it\/aviator-game-conquering-the-demo-version-without-risk-or-investment\/\" \/>\n<meta property=\"og:locale\" content=\"it_IT\" \/>\n<meta property=\"og:locale:alternate\" content=\"ru_RU\" \/>\n<meta property=\"og:locale:alternate\" content=\"en_US\" \/>\n<meta property=\"og:locale:alternate\" content=\"pt_PT\" \/>\n<meta property=\"og:locale:alternate\" content=\"es_ES\" \/>\n<meta property=\"og:locale:alternate\" content=\"fr_FR\" \/>\n<meta property=\"og:locale:alternate\" content=\"sr_RS\" \/>\n<meta property=\"og:type\" content=\"article\" \/>\n<meta property=\"og:title\" content=\"Gioca ad Aviator Gratis\" \/>\n<meta property=\"og:description\" content=\"Abbiamo raccolto tutte le informazioni su come giocare alla tua slot preferita, Aviator, gratuitamente. Come scegliere la versione demo, giocare senza puntare e altre caratteristiche del gioco gratuito.\" \/>\n<meta property=\"og:url\" content=\"https:\/\/aviator-gaming.com\/it\/aviator-game-conquering-the-demo-version-without-risk-or-investment\/\" \/>\n<meta property=\"og:site_name\" content=\"Aviator Game\" \/>\n<meta property=\"article:modified_time\" content=\"2026-04-10T08:50:46+00:00\" \/>\n<meta name=\"twitter:card\" content=\"summary_large_image\" \/>\n<meta name=\"twitter:label1\" content=\"Tempo di lettura stimato\" \/>\n\t<meta name=\"twitter:data1\" content=\"3 minuti\" \/>\n<script type=\"application\/ld+json\" class=\"yoast-schema-graph\">{\"@context\":\"https:\/\/schema.org\",\"@graph\":[{\"@type\":\"WebPage\",\"@id\":\"https:\/\/aviator-gaming.com\/it\/aviator-game-conquering-the-demo-version-without-risk-or-investment\/\",\"url\":\"https:\/\/aviator-gaming.com\/it\/aviator-game-conquering-the-demo-version-without-risk-or-investment\/\",\"name\":\"Gioca ad Aviator Gratis\",\"isPartOf\":{\"@id\":\"https:\/\/aviator-gaming.com\/#website\"},\"datePublished\":\"2024-04-29T19:41:02+00:00\",\"dateModified\":\"2026-04-10T08:50:46+00:00\",\"description\":\"Abbiamo raccolto tutte le informazioni su come giocare alla tua slot preferita, Aviator, gratuitamente. Come scegliere la versione demo, giocare senza puntare e altre caratteristiche del gioco gratuito.\",\"breadcrumb\":{\"@id\":\"https:\/\/aviator-gaming.com\/it\/aviator-game-conquering-the-demo-version-without-risk-or-investment\/#breadcrumb\"},\"inLanguage\":\"it-IT\",\"potentialAction\":[{\"@type\":\"ReadAction\",\"target\":[\"https:\/\/aviator-gaming.com\/it\/aviator-game-conquering-the-demo-version-without-risk-or-investment\/\"]}]},{\"@type\":\"BreadcrumbList\",\"@id\":\"https:\/\/aviator-gaming.com\/it\/aviator-game-conquering-the-demo-version-without-risk-or-investment\/#breadcrumb\",\"itemListElement\":[{\"@type\":\"ListItem\",\"position\":1,\"name\":\"\u0413\u043b\u0430\u0432\u043d\u0430\u044f \u0441\u0442\u0440\u0430\u043d\u0438\u0446\u0430\",\"item\":\"https:\/\/aviator-gaming.com\/\"},{\"@type\":\"ListItem\",\"position\":2,\"name\":\"Gioco Aviator: Conquistare la Versione Demo Senza Rischi o Investimenti\"}]},{\"@type\":\"WebSite\",\"@id\":\"https:\/\/aviator-gaming.com\/#website\",\"url\":\"https:\/\/aviator-gaming.com\/\",\"name\":\"Crash game Aviator\",\"description\":\"\",\"publisher\":{\"@id\":\"https:\/\/aviator-gaming.com\/#organization\"},\"alternateName\":\"Crash slot Aviator\",\"potentialAction\":[{\"@type\":\"SearchAction\",\"target\":{\"@type\":\"EntryPoint\",\"urlTemplate\":\"https:\/\/aviator-gaming.com\/?s={search_term_string}\"},\"query-input\":{\"@type\":\"PropertyValueSpecification\",\"valueRequired\":true,\"valueName\":\"search_term_string\"}}],\"inLanguage\":\"it-IT\"},{\"@type\":\"Organization\",\"@id\":\"https:\/\/aviator-gaming.com\/#organization\",\"name\":\"Crash game Aviator\",\"url\":\"https:\/\/aviator-gaming.com\/\",\"logo\":{\"@type\":\"ImageObject\",\"inLanguage\":\"it-IT\",\"@id\":\"https:\/\/aviator-gaming.com\/#\/schema\/logo\/image\/\",\"url\":\"https:\/\/aviator-gaming.com\/wp-content\/uploads\/aviator-1.png\",\"contentUrl\":\"https:\/\/aviator-gaming.com\/wp-content\/uploads\/aviator-1.png\",\"width\":580,\"height\":223,\"caption\":\"Crash game Aviator\"},\"image\":{\"@id\":\"https:\/\/aviator-gaming.com\/#\/schema\/logo\/image\/\"}}]}<\/script>\n<!-- \/ Yoast SEO plugin. -->","yoast_head_json":{"title":"Gioca ad Aviator Gratis","description":"Abbiamo raccolto tutte le informazioni su come giocare alla tua slot preferita, Aviator, gratuitamente. Come scegliere la versione demo, giocare senza puntare e altre caratteristiche del gioco gratuito.","robots":{"index":"index","follow":"follow","max-snippet":"max-snippet:-1","max-image-preview":"max-image-preview:large","max-video-preview":"max-video-preview:-1"},"canonical":"https:\/\/aviator-gaming.com\/it\/aviator-game-conquering-the-demo-version-without-risk-or-investment\/","og_locale":"it_IT","og_type":"article","og_title":"[:ru]\u0418\u0433\u0440\u0430\u0442\u044c \u0432 \u0410\u0432\u0438\u0430\u0442\u043e\u0440 \u0431\u0435\u0441\u043f\u043b\u0430\u0442\u043d\u043e[:en]Play Aviator for Free[:pt]Jogue Aviator de Gra\u00e7a[:es]Juega Aviator Gratis[:fr]Jouez \u00e0 Aviator Gratuitement[:sr]\u0418\u0433\u0440\u0430\u0458\u0442\u0435 \u0410\u0432\u0438\u0458\u0430\u0442\u043e\u0440 \u0431\u0435\u0441\u043f\u043b\u0430\u0442\u043d\u043e[:it]Gioca ad Aviator Gratis[:]","og_description":"[:ru]\u041c\u044b \u0441\u043e\u0431\u0440\u0430\u043b\u0438 \u0432\u0441\u044e \u0438\u043d\u0444\u043e\u0440\u043c\u0430\u0446\u0438\u044e \u043e \u0442\u043e\u043c, \u043a\u0430\u043a \u0438\u0433\u0440\u0430\u0442\u044c \u0432 \u043b\u044e\u0431\u0438\u043c\u044b\u0439 \u0441\u043b\u043e\u0442 \u0410\u0432\u0438\u0430\u0442\u043e\u0440 \u0431\u0435\u0441\u043f\u043b\u0430\u0442\u043d\u043e. \u041a\u0430\u043a \u0432\u044b\u0431\u0440\u0430\u0442\u044c \u0434\u0435\u043c\u043e \u0432\u0435\u0440\u0441\u0438\u044e, \u0438\u0433\u0440\u0430\u0442\u044c \u0431\u0435\u0437 \u0441\u0442\u0430\u0432\u043e\u043a \u0438 \u0434\u0440\u0443\u0433\u0438\u0435 \u043e\u0441\u043e\u0431\u0435\u043d\u043d\u043e\u0441\u0442\u0438 \u0431\u0435\u0441\u043f\u043b\u0430\u0442\u043d\u043e\u0439 \u0438\u0433\u0440\u044b[:en]We have gathered all the information on how to play your favorite slot Aviator for free. How to choose the demo version, play without bets, and other features of free gaming.[:pt]Reunimos todas as informa\u00e7\u00f5es sobre como jogar sua slot favorita, Aviator, gratuitamente. Como escolher a vers\u00e3o de demonstra\u00e7\u00e3o, jogar sem apostas e outras caracter\u00edsticas do jogo gratuito.[:es]Hemos recopilado toda la informaci\u00f3n sobre c\u00f3mo jugar a tu tragamonedas favorita, Aviator, de forma gratuita. C\u00f3mo elegir la versi\u00f3n de demostraci\u00f3n, jugar sin apostar y otras caracter\u00edsticas del juego gratuito.[:fr]Nous avons rassembl\u00e9 toutes les informations sur la fa\u00e7on de jouer \u00e0 votre machine \u00e0 sous pr\u00e9f\u00e9r\u00e9e, Aviator, gratuitement. Comment choisir la version de d\u00e9monstration, jouer sans miser, et autres fonctionnalit\u00e9s du jeu gratuit.[:sr]\u0421\u0430\u043a\u0443\u043f\u0438\u043b\u0438 \u0441\u043c\u043e \u0441\u0432\u0435 \u0438\u043d\u0444\u043e\u0440\u043c\u0430\u0446\u0438\u0458\u0435 \u043e \u0442\u043e\u043c\u0435 \u043a\u0430\u043a\u043e \u0438\u0433\u0440\u0430\u0442\u0438 \u0432\u0430\u0448\u0443 \u043e\u043c\u0438\u0459\u0435\u043d\u0443 \u0441\u043b\u043e\u0442-\u0438\u0433\u0440\u0443, \u0410\u0432\u0438\u0458\u0430\u0442\u043e\u0440, \u0431\u0435\u0441\u043f\u043b\u0430\u0442\u043d\u043e. \u041a\u0430\u043a\u043e \u0438\u0437\u0430\u0431\u0440\u0430\u0442\u0438 \u0434\u0435\u043c\u043e \u0432\u0435\u0440\u0437\u0438\u0458\u0443, \u0438\u0433\u0440\u0430\u0442\u0438 \u0431\u0435\u0437 \u0443\u043b\u043e\u0433\u0430 \u0438 \u0434\u0440\u0443\u0433\u0435 \u043a\u0430\u0440\u0430\u043a\u0442\u0435\u0440\u0438\u0441\u0442\u0438\u043a\u0435 \u0431\u0435\u0441\u043f\u043b\u0430\u0442\u043d\u0435 \u0438\u0433\u0440\u0435.[:it]Abbiamo raccolto tutte le informazioni su come giocare alla tua slot preferita, Aviator, gratuitamente. Come scegliere la versione demo, giocare senza puntare e altre caratteristiche del gioco gratuito.[:]","og_url":"https:\/\/aviator-gaming.com\/it\/aviator-game-conquering-the-demo-version-without-risk-or-investment\/","og_site_name":"Aviator Game","article_modified_time":"2026-04-10T08:50:46+00:00","twitter_card":"summary_large_image","twitter_misc":{"Tempo di lettura stimato":"3 minuti"},"schema":{"@context":"https:\/\/schema.org","@graph":[{"@type":"WebPage","@id":"https:\/\/aviator-gaming.com\/it\/aviator-game-conquering-the-demo-version-without-risk-or-investment\/","url":"https:\/\/aviator-gaming.com\/it\/aviator-game-conquering-the-demo-version-without-risk-or-investment\/","name":"Gioca ad Aviator Gratis","isPartOf":{"@id":"https:\/\/aviator-gaming.com\/#website"},"datePublished":"2024-04-29T19:41:02+00:00","dateModified":"2026-04-10T08:50:46+00:00","description":"Abbiamo raccolto tutte le informazioni su come giocare alla tua slot preferita, Aviator, gratuitamente. Come scegliere la versione demo, giocare senza puntare e altre caratteristiche del gioco gratuito.","breadcrumb":{"@id":"https:\/\/aviator-gaming.com\/it\/aviator-game-conquering-the-demo-version-without-risk-or-investment\/#breadcrumb"},"inLanguage":"it-IT","potentialAction":[{"@type":"ReadAction","target":["https:\/\/aviator-gaming.com\/it\/aviator-game-conquering-the-demo-version-without-risk-or-investment\/"]}]},{"@type":"BreadcrumbList","@id":"https:\/\/aviator-gaming.com\/it\/aviator-game-conquering-the-demo-version-without-risk-or-investment\/#breadcrumb","itemListElement":[{"@type":"ListItem","position":1,"name":"\u0413\u043b\u0430\u0432\u043d\u0430\u044f \u0441\u0442\u0440\u0430\u043d\u0438\u0446\u0430","item":"https:\/\/aviator-gaming.com\/"},{"@type":"ListItem","position":2,"name":"Gioco Aviator: Conquistare la Versione Demo Senza Rischi o Investimenti"}]},{"@type":"WebSite","@id":"https:\/\/aviator-gaming.com\/#website","url":"https:\/\/aviator-gaming.com\/","name":"Crash game Aviator","description":"","publisher":{"@id":"https:\/\/aviator-gaming.com\/#organization"},"alternateName":"Crash slot Aviator","potentialAction":[{"@type":"SearchAction","target":{"@type":"EntryPoint","urlTemplate":"https:\/\/aviator-gaming.com\/?s={search_term_string}"},"query-input":{"@type":"PropertyValueSpecification","valueRequired":true,"valueName":"search_term_string"}}],"inLanguage":"it-IT"},{"@type":"Organization","@id":"https:\/\/aviator-gaming.com\/#organization","name":"Crash game Aviator","url":"https:\/\/aviator-gaming.com\/","logo":{"@type":"ImageObject","inLanguage":"it-IT","@id":"https:\/\/aviator-gaming.com\/#\/schema\/logo\/image\/","url":"https:\/\/aviator-gaming.com\/wp-content\/uploads\/aviator-1.png","contentUrl":"https:\/\/aviator-gaming.com\/wp-content\/uploads\/aviator-1.png","width":580,"height":223,"caption":"Crash game Aviator"},"image":{"@id":"https:\/\/aviator-gaming.com\/#\/schema\/logo\/image\/"}}]}},"_links":{"self":[{"href":"https:\/\/aviator-gaming.com\/it\/wp-json\/wp\/v2\/pages\/12","targetHints":{"allow":["GET"]}}],"collection":[{"href":"https:\/\/aviator-gaming.com\/it\/wp-json\/wp\/v2\/pages"}],"about":[{"href":"https:\/\/aviator-gaming.com\/it\/wp-json\/wp\/v2\/types\/page"}],"author":[{"embeddable":true,"href":"https:\/\/aviator-gaming.com\/it\/wp-json\/wp\/v2\/users\/1"}],"replies":[{"embeddable":true,"href":"https:\/\/aviator-gaming.com\/it\/wp-json\/wp\/v2\/comments?post=12"}],"version-history":[{"count":25,"href":"https:\/\/aviator-gaming.com\/it\/wp-json\/wp\/v2\/pages\/12\/revisions"}],"predecessor-version":[{"id":131,"href":"https:\/\/aviator-gaming.com\/it\/wp-json\/wp\/v2\/pages\/12\/revisions\/131"}],"wp:attachment":[{"href":"https:\/\/aviator-gaming.com\/it\/wp-json\/wp\/v2\/media?parent=12"}],"curies":[{"name":"wp","href":"https:\/\/api.w.org\/{rel}","templated":true}]}}