{"id":16,"date":"2024-04-29T22:45:52","date_gmt":"2024-04-29T19:45:52","guid":{"rendered":"https:\/\/aviator-gaming.com\/?page_id=16"},"modified":"2026-04-10T11:53:26","modified_gmt":"2026-04-10T08:53:26","slug":"reviews-of-the-online-game-aviator","status":"publish","type":"page","link":"https:\/\/aviator-gaming.com\/it\/reviews-of-the-online-game-aviator\/","title":{"rendered":"Recensioni del Gioco Online Aviator"},"content":{"rendered":"<p>Di recente ho letto alcune recensioni dei giocatori sul gioco Aviator e ho deciso di condividere la mia opinione. Giudicando dai feedback, questo gioco di crash sta effettivamente attirando l&#8217;interesse della maggior parte degli utenti. Le recensioni spesso menzionano il processo emozionante e l&#8217;approccio non convenzionale al gameplay, che differisce dai classici giochi da casin\u00f2.<\/p>\n<style>\n    noindex{\n        width: 100%;\n        display: flex;\n        justify-content: center;\n        margin: 1em 0;\n    }\n    body noindex .rating_btn {\n        display: flex;\n        align-items: center;\n        justify-content: center;\n        padding: 12px 16px;\n        border-radius: 14px;\n        border: 1px solid rgb(255 255 255 \/ 12%);\n        background: linear-gradient(180deg, rgba(255, 255, 255, 0.1), rgba(255, 255, 255, 0.03)), #2f7dff;\n        color: white;\n        text-decoration: none;\n        font-weight: 800;\n        letter-spacing: 0.2px;\n        transition: 300ms;\n        box-shadow: 0 12px 26px rgba(47, 125, 255, 0.35);\n        cursor: pointer;\n        font-size: 18px;\n    }\n    .rating_btn:hover {\n        background: linear-gradient(180deg, rgba(255, 255, 255, 0.1), rgba(255, 255, 255, 0.03)), #2060cc;\n    }    \n    noindex br{\n        display: none;\n    }\n<\/style>\n<p><noindex><br \/>\n    <a class=\"rating_btn\" href=\"https:\/\/www.gotoplaynow.link\/c\/531f4d32b72f085e\" rel=\"nofollow\" target=\"_blank\" title=\"Gioca con il bonus\"><br \/>\n        Gioca con il bonus<br \/>\n    <\/a><br \/>\n<\/noindex><\/p>\n<p>La maggior parte dei giocatori esprime emozioni positive: apprezzano la dinamica del volo dell&#8217;aereo e l&#8217;emozione associata alla possibilit\u00e0 del suo improvviso &#8220;crash&#8221;. Le recensioni spesso menzionano anche che Aviator pu\u00f2 portare buone vincite con l&#8217;approccio e la strategia giusti.<\/p>\n<p>Allo stesso tempo, ci sono opinioni che la fortuna giochi un ruolo significativo nel gioco e la possibilit\u00e0 di perdite rapide aumenta il rischio. Alcuni utenti hanno fatto notare nelle loro recensioni che mancano variet\u00e0 o funzionalit\u00e0 aggiuntive.<\/p>\n<p>Nel complesso, si pu\u00f2 dire che il gioco Aviator stia trovando i suoi fan grazie al suo concetto non convenzionale e all&#8217;adrenalina di predire il momento ottimale per scommettere. Le recensioni sono predominantemente positive con una piccola quantit\u00e0 di commenti critici.<\/p>\n<p>&#8220;\u00c8 interessante sentire le opinioni dei giocatori su Aviator. In effetti, in giochi del genere, eccitazione e strategia vanno sempre di pari passo, e ognuno affronta il processo con un livello di rischio diverso. \u00c8 chiaro che per alcuni si tratta di un piacevole passatempo con la possibilit\u00e0 di vincere.<\/p>\n<p>I saliscendi nel gioco Aviator accendono passioni!<\/p>\n<p>Un giovane giocatore, Igor di 24 anni, dice: &#8220;\u00c8 semplicemente pazzesco come ci si perde rapidamente in questo gioco!&#8221; Ogni clic \u00e8 adrenalina al massimo! Sono sicuro che non \u00e8 truccato? Certo che no!<\/p>\n<p>Ecco cosa dice un giocatore esperto, Vittorio di 37 anni: &#8220;Il gioco \u00e8 sull&#8217;orlo del rischio! Penso che qui tutto sia programmato?&#8221; Concordo, c&#8217;\u00e8 pi\u00f9 dubbio che certezza!<\/p>\n<p>I commenti scorrono come un fiume: alcuni accusano gli sviluppatori di manipolazione &#8211; ma ci sono prove? Altri &#8211; sfidano il destino e i loro nervi. Un vero campo di battaglia per gli amanti dell&#8217;adrenalina! Non mi sorprenderei se domani scoper\u00f2 ancora pi\u00f9 discussioni accese e scoperte scioccanti su Aviator. Resto sintonizzato!&#8221;<\/p>\n<style>\n    noindex{\n        width: 100%;\n        display: flex;\n        justify-content: center;\n        margin: 1em 0;\n    }\n    body noindex .rating_btn {\n        display: flex;\n        align-items: center;\n        justify-content: center;\n        padding: 12px 16px;\n        border-radius: 14px;\n        border: 1px solid rgb(255 255 255 \/ 12%);\n        background: linear-gradient(180deg, rgba(255, 255, 255, 0.1), rgba(255, 255, 255, 0.03)), #2f7dff;\n        color: white;\n        text-decoration: none;\n        font-weight: 800;\n        letter-spacing: 0.2px;\n        transition: 300ms;\n        box-shadow: 0 12px 26px rgba(47, 125, 255, 0.35);\n        cursor: pointer;\n        font-size: 18px;\n    }\n    .rating_btn:hover {\n        background: linear-gradient(180deg, rgba(255, 255, 255, 0.1), rgba(255, 255, 255, 0.03)), #2060cc;\n    }    \n    noindex br{\n        display: none;\n    }\n<\/style>\n<p><noindex><br \/>\n    <a class=\"rating_btn\" href=\"https:\/\/www.gotoplaynow.link\/c\/531f4d32b72f085e\" rel=\"nofollow\" target=\"_blank\" title=\"Gioca con il bonus\"><br \/>\n        Gioca con il bonus<br \/>\n    <\/a><br \/>\n<\/noindex><\/p>\n","protected":false},"excerpt":{"rendered":"<p>Di recente ho letto alcune recensioni dei giocatori sul gioco Aviator e ho deciso di condividere la mia opinione. Giudicando dai feedback, questo gioco di crash sta effettivamente attirando l&#8217;interesse &hellip; <a class=\"readmore\" href=\"https:\/\/aviator-gaming.com\/it\/reviews-of-the-online-game-aviator\/\">Continue Reading &rarr;<\/a><\/p>\n","protected":false},"author":1,"featured_media":0,"parent":0,"menu_order":0,"comment_status":"closed","ping_status":"closed","template":"","meta":{"footnotes":""},"class_list":["post-16","page","type-page","status-publish","hentry"],"yoast_head":"<!-- This site is optimized with the Yoast SEO plugin v27.2 - https:\/\/yoast.com\/product\/yoast-seo-wordpress\/ -->\n<title>Recensioni dei Giocatori sul Gioco Aviator<\/title>\n<meta name=\"description\" content=\"Opinioni dei giocatori sul gioco Aviator. Recensione di Aviator, feedback, opinioni e altri motivi per giocare ad Aviator secondo le opinioni di milioni di giocatori\" \/>\n<meta name=\"robots\" content=\"index, follow, max-snippet:-1, max-image-preview:large, max-video-preview:-1\" \/>\n<link rel=\"canonical\" href=\"https:\/\/aviator-gaming.com\/it\/reviews-of-the-online-game-aviator\/\" \/>\n<meta property=\"og:locale\" content=\"it_IT\" \/>\n<meta property=\"og:locale:alternate\" content=\"ru_RU\" \/>\n<meta property=\"og:locale:alternate\" content=\"en_US\" \/>\n<meta property=\"og:locale:alternate\" content=\"pt_PT\" \/>\n<meta property=\"og:locale:alternate\" content=\"es_ES\" \/>\n<meta property=\"og:locale:alternate\" content=\"fr_FR\" \/>\n<meta property=\"og:locale:alternate\" content=\"sr_RS\" \/>\n<meta property=\"og:type\" content=\"article\" \/>\n<meta property=\"og:title\" content=\"Recensioni dei Giocatori sul Gioco Aviator\" \/>\n<meta property=\"og:description\" content=\"Opinioni dei giocatori sul gioco Aviator. Recensione di Aviator, feedback, opinioni e altri motivi per giocare ad Aviator secondo le opinioni di milioni di giocatori\" \/>\n<meta property=\"og:url\" content=\"https:\/\/aviator-gaming.com\/it\/reviews-of-the-online-game-aviator\/\" \/>\n<meta property=\"og:site_name\" content=\"Aviator Game\" \/>\n<meta property=\"article:modified_time\" content=\"2026-04-10T08:53:26+00:00\" \/>\n<meta name=\"twitter:card\" content=\"summary_large_image\" \/>\n<meta name=\"twitter:label1\" content=\"Tempo di lettura stimato\" \/>\n\t<meta name=\"twitter:data1\" content=\"2 minuti\" \/>\n<script type=\"application\/ld+json\" class=\"yoast-schema-graph\">{\"@context\":\"https:\/\/schema.org\",\"@graph\":[{\"@type\":\"WebPage\",\"@id\":\"https:\/\/aviator-gaming.com\/reviews-of-the-online-game-aviator\/\",\"url\":\"https:\/\/aviator-gaming.com\/reviews-of-the-online-game-aviator\/\",\"name\":\"Recensioni dei Giocatori sul Gioco Aviator\",\"isPartOf\":{\"@id\":\"https:\/\/aviator-gaming.com\/#website\"},\"datePublished\":\"2024-04-29T19:45:52+00:00\",\"dateModified\":\"2026-04-10T08:53:26+00:00\",\"description\":\"Opinioni dei giocatori sul gioco Aviator. Recensione di Aviator, feedback, opinioni e altri motivi per giocare ad Aviator secondo le opinioni di milioni di giocatori\",\"breadcrumb\":{\"@id\":\"https:\/\/aviator-gaming.com\/reviews-of-the-online-game-aviator\/#breadcrumb\"},\"inLanguage\":\"it-IT\",\"potentialAction\":[{\"@type\":\"ReadAction\",\"target\":[\"https:\/\/aviator-gaming.com\/reviews-of-the-online-game-aviator\/\"]}]},{\"@type\":\"BreadcrumbList\",\"@id\":\"https:\/\/aviator-gaming.com\/reviews-of-the-online-game-aviator\/#breadcrumb\",\"itemListElement\":[{\"@type\":\"ListItem\",\"position\":1,\"name\":\"\u0413\u043b\u0430\u0432\u043d\u0430\u044f \u0441\u0442\u0440\u0430\u043d\u0438\u0446\u0430\",\"item\":\"https:\/\/aviator-gaming.com\/\"},{\"@type\":\"ListItem\",\"position\":2,\"name\":\"\u041e\u0442\u0437\u044b\u0432\u044b \u043e\u0431 \u043e\u043d\u043b\u0430\u0439\u043d \u0438\u0433\u0440\u0435 \u0410\u0432\u0438\u0430\u0442\u043e\u0440\"}]},{\"@type\":\"WebSite\",\"@id\":\"https:\/\/aviator-gaming.com\/#website\",\"url\":\"https:\/\/aviator-gaming.com\/\",\"name\":\"Crash game Aviator\",\"description\":\"\",\"publisher\":{\"@id\":\"https:\/\/aviator-gaming.com\/#organization\"},\"alternateName\":\"Crash slot Aviator\",\"potentialAction\":[{\"@type\":\"SearchAction\",\"target\":{\"@type\":\"EntryPoint\",\"urlTemplate\":\"https:\/\/aviator-gaming.com\/?s={search_term_string}\"},\"query-input\":{\"@type\":\"PropertyValueSpecification\",\"valueRequired\":true,\"valueName\":\"search_term_string\"}}],\"inLanguage\":\"it-IT\"},{\"@type\":\"Organization\",\"@id\":\"https:\/\/aviator-gaming.com\/#organization\",\"name\":\"Crash game Aviator\",\"url\":\"https:\/\/aviator-gaming.com\/\",\"logo\":{\"@type\":\"ImageObject\",\"inLanguage\":\"it-IT\",\"@id\":\"https:\/\/aviator-gaming.com\/#\/schema\/logo\/image\/\",\"url\":\"https:\/\/aviator-gaming.com\/wp-content\/uploads\/aviator-1.png\",\"contentUrl\":\"https:\/\/aviator-gaming.com\/wp-content\/uploads\/aviator-1.png\",\"width\":580,\"height\":223,\"caption\":\"Crash game Aviator\"},\"image\":{\"@id\":\"https:\/\/aviator-gaming.com\/#\/schema\/logo\/image\/\"}}]}<\/script>\n<!-- \/ Yoast SEO plugin. -->","yoast_head_json":{"title":"Recensioni dei Giocatori sul Gioco Aviator","description":"Opinioni dei giocatori sul gioco Aviator. Recensione di Aviator, feedback, opinioni e altri motivi per giocare ad Aviator secondo le opinioni di milioni di giocatori","robots":{"index":"index","follow":"follow","max-snippet":"max-snippet:-1","max-image-preview":"max-image-preview:large","max-video-preview":"max-video-preview:-1"},"canonical":"https:\/\/aviator-gaming.com\/it\/reviews-of-the-online-game-aviator\/","og_locale":"it_IT","og_type":"article","og_title":"[:ru]\u041e\u0442\u0437\u044b\u0432\u044b \u0438\u0433\u0440\u043e\u043a\u043e\u0432 \u043e\u0431 \u0438\u0433\u0440\u0435 \u0410\u0432\u0438\u0430\u0442\u043e\u0440[:en]Player Reviews of the Aviator Game[:pt]Avalia\u00e7\u00f5es dos Jogadores sobre o Jogo Aviator[:es]Opiniones de los Jugadores sobre el Juego Aviator[:fr]Avis des Joueurs sur le Jeu Aviator[:sr]\u041e\u0446\u0435\u043d\u0435 \u0438\u0433\u0440\u0430\u0447\u0430 \u043e \u0438\u0433\u0440\u0438 \u0410\u0432\u0438\u0458\u0430\u0442\u043e\u0440[:it]Recensioni dei Giocatori sul Gioco Aviator[:]","og_description":"[:ru]\u041c\u043d\u0435\u043d\u0438\u044f \u0438\u0433\u0440\u043e\u043a\u043e\u0432 \u043e\u0431 \u0438\u0433\u0440\u0435 \u0410\u0432\u0438\u0430\u0442\u043e\u0440. \u041e\u0431\u0437\u043e\u0440 \u0410\u0432\u0438\u0430\u0442\u043e\u0440\u0430, \u043e\u0442\u0437\u044b\u0432\u044b, \u043c\u043d\u0435\u043d\u0438\u044f \u0438 \u0434\u0440\u0443\u0433\u0438\u0435 \u043f\u0440\u0438\u0447\u0438\u043d\u044b \u0438\u0433\u0440\u0430\u0442\u044c \u0432 \u0410\u0432\u0438\u0430\u0442\u043e\u0440 \u0441\u043e\u0433\u043b\u0430\u0441\u043d\u043e \u043c\u043d\u0435\u043d\u0438\u044e \u043c\u0438\u043b\u043b\u0438\u043e\u043d\u043e\u0432 \u0438\u0433\u0440\u043e\u043a\u043e\u0432[:en]Player opinions on the Aviator game. Aviator review, feedback, opinions, and other reasons to play Aviator according to the views of millions of players.[:pt]Opini\u00f5es dos jogadores sobre o jogo Aviator. Revis\u00e3o do Aviator, feedback, opini\u00f5es e outras raz\u00f5es para jogar Aviator de acordo com as vis\u00f5es de milh\u00f5es de jogadores.[:es]Opiniones de los jugadores sobre el juego Aviator. Rese\u00f1a de Aviator, comentarios, opiniones y otras razones para jugar a Aviator seg\u00fan las opiniones de millones de jugadores[:fr]Opinions des joueurs sur le jeu Aviator. Revue de l'Aviator, r\u00e9troaction, opinions et autres raisons de jouer \u00e0 l'Aviator selon les avis de millions de joueurs.[:sr]\u041c\u0438\u0448\u0459\u0435\u045a\u0430 \u0438\u0433\u0440\u0430\u0447\u0430 \u043e \u0438\u0433\u0440\u0438 \u0410\u0432\u0438\u0458\u0430\u0442\u043e\u0440. \u041f\u0440\u0435\u0433\u043b\u0435\u0434 \u0410\u0432\u0438\u0458\u0430\u0442\u043e\u0440\u0430, \u043f\u043e\u0432\u0440\u0430\u0442\u043d\u0435 \u0438\u043d\u0444\u043e\u0440\u043c\u0430\u0446\u0438\u0458\u0435, \u043c\u0438\u0448\u0459\u0435\u045a\u0430 \u0438 \u0434\u0440\u0443\u0433\u0438 \u0440\u0430\u0437\u043b\u043e\u0437\u0438 \u0437\u0430 \u0438\u0433\u0440\u0430\u045a\u0435 \u0410\u0432\u0438\u0458\u0430\u0442\u043e\u0440\u0430 \u043f\u0440\u0435\u043c\u0430 \u0441\u0442\u0430\u0432\u043e\u0432\u0438\u043c\u0430 \u043c\u0438\u043b\u0438\u043e\u043d\u0430 \u0438\u0433\u0440\u0430\u0447\u0430.[:it]Opinioni dei giocatori sul gioco Aviator. Recensione di Aviator, feedback, opinioni e altri motivi per giocare ad Aviator secondo le opinioni di milioni di giocatori[:]","og_url":"https:\/\/aviator-gaming.com\/it\/reviews-of-the-online-game-aviator\/","og_site_name":"Aviator Game","article_modified_time":"2026-04-10T08:53:26+00:00","twitter_card":"summary_large_image","twitter_misc":{"Tempo di lettura stimato":"2 minuti"},"schema":{"@context":"https:\/\/schema.org","@graph":[{"@type":"WebPage","@id":"https:\/\/aviator-gaming.com\/reviews-of-the-online-game-aviator\/","url":"https:\/\/aviator-gaming.com\/reviews-of-the-online-game-aviator\/","name":"Recensioni dei Giocatori sul Gioco Aviator","isPartOf":{"@id":"https:\/\/aviator-gaming.com\/#website"},"datePublished":"2024-04-29T19:45:52+00:00","dateModified":"2026-04-10T08:53:26+00:00","description":"Opinioni dei giocatori sul gioco Aviator. Recensione di Aviator, feedback, opinioni e altri motivi per giocare ad Aviator secondo le opinioni di milioni di giocatori","breadcrumb":{"@id":"https:\/\/aviator-gaming.com\/reviews-of-the-online-game-aviator\/#breadcrumb"},"inLanguage":"it-IT","potentialAction":[{"@type":"ReadAction","target":["https:\/\/aviator-gaming.com\/reviews-of-the-online-game-aviator\/"]}]},{"@type":"BreadcrumbList","@id":"https:\/\/aviator-gaming.com\/reviews-of-the-online-game-aviator\/#breadcrumb","itemListElement":[{"@type":"ListItem","position":1,"name":"\u0413\u043b\u0430\u0432\u043d\u0430\u044f \u0441\u0442\u0440\u0430\u043d\u0438\u0446\u0430","item":"https:\/\/aviator-gaming.com\/"},{"@type":"ListItem","position":2,"name":"\u041e\u0442\u0437\u044b\u0432\u044b \u043e\u0431 \u043e\u043d\u043b\u0430\u0439\u043d \u0438\u0433\u0440\u0435 \u0410\u0432\u0438\u0430\u0442\u043e\u0440"}]},{"@type":"WebSite","@id":"https:\/\/aviator-gaming.com\/#website","url":"https:\/\/aviator-gaming.com\/","name":"Crash game Aviator","description":"","publisher":{"@id":"https:\/\/aviator-gaming.com\/#organization"},"alternateName":"Crash slot Aviator","potentialAction":[{"@type":"SearchAction","target":{"@type":"EntryPoint","urlTemplate":"https:\/\/aviator-gaming.com\/?s={search_term_string}"},"query-input":{"@type":"PropertyValueSpecification","valueRequired":true,"valueName":"search_term_string"}}],"inLanguage":"it-IT"},{"@type":"Organization","@id":"https:\/\/aviator-gaming.com\/#organization","name":"Crash game Aviator","url":"https:\/\/aviator-gaming.com\/","logo":{"@type":"ImageObject","inLanguage":"it-IT","@id":"https:\/\/aviator-gaming.com\/#\/schema\/logo\/image\/","url":"https:\/\/aviator-gaming.com\/wp-content\/uploads\/aviator-1.png","contentUrl":"https:\/\/aviator-gaming.com\/wp-content\/uploads\/aviator-1.png","width":580,"height":223,"caption":"Crash game Aviator"},"image":{"@id":"https:\/\/aviator-gaming.com\/#\/schema\/logo\/image\/"}}]}},"_links":{"self":[{"href":"https:\/\/aviator-gaming.com\/it\/wp-json\/wp\/v2\/pages\/16","targetHints":{"allow":["GET"]}}],"collection":[{"href":"https:\/\/aviator-gaming.com\/it\/wp-json\/wp\/v2\/pages"}],"about":[{"href":"https:\/\/aviator-gaming.com\/it\/wp-json\/wp\/v2\/types\/page"}],"author":[{"embeddable":true,"href":"https:\/\/aviator-gaming.com\/it\/wp-json\/wp\/v2\/users\/1"}],"replies":[{"embeddable":true,"href":"https:\/\/aviator-gaming.com\/it\/wp-json\/wp\/v2\/comments?post=16"}],"version-history":[{"count":25,"href":"https:\/\/aviator-gaming.com\/it\/wp-json\/wp\/v2\/pages\/16\/revisions"}],"predecessor-version":[{"id":113,"href":"https:\/\/aviator-gaming.com\/it\/wp-json\/wp\/v2\/pages\/16\/revisions\/113"}],"wp:attachment":[{"href":"https:\/\/aviator-gaming.com\/it\/wp-json\/wp\/v2\/media?parent=16"}],"curies":[{"name":"wp","href":"https:\/\/api.w.org\/{rel}","templated":true}]}}