{"id":12,"date":"2024-04-29T22:41:02","date_gmt":"2024-04-29T19:41:02","guid":{"rendered":"https:\/\/aviator-gaming.com\/?page_id=12"},"modified":"2026-04-10T11:50:46","modified_gmt":"2026-04-10T08:50:46","slug":"aviator-game-conquering-the-demo-version-without-risk-or-investment","status":"publish","type":"page","link":"https:\/\/aviator-gaming.com\/pt\/aviator-game-conquering-the-demo-version-without-risk-or-investment\/","title":{"rendered":"Jogo Aviator: Conquistando a Vers\u00e3o de Demonstra\u00e7\u00e3o Sem Risco ou Investimento"},"content":{"rendered":"<p>No din\u00e2mico mundo do entretenimento de jogos de azar, onde novos slots e m\u00e1quinas ca\u00e7a-n\u00edqueis aparecem todas as semanas, o jogo Aviator ocupa um lugar especial. Esta oferta incomum se destaca das m\u00e1quinas ca\u00e7a-n\u00edqueis padr\u00e3o com seu conceito \u00fanico e jogabilidade. Os desenvolvedores forneceram a oportunidade de jogar Aviator gratuitamente para que os usu\u00e1rios possam entender a mec\u00e2nica do jogo sem arriscar suas carteiras.<\/p>\n<style>\n    noindex{\n        width: 100%;\n        display: flex;\n        justify-content: center;\n        margin: 1em 0;\n    }\n    body noindex .rating_btn {\n        display: flex;\n        align-items: center;\n        justify-content: center;\n        padding: 12px 16px;\n        border-radius: 14px;\n        border: 1px solid rgb(255 255 255 \/ 12%);\n        background: linear-gradient(180deg, rgba(255, 255, 255, 0.1), rgba(255, 255, 255, 0.03)), #2f7dff;\n        color: white;\n        text-decoration: none;\n        font-weight: 800;\n        letter-spacing: 0.2px;\n        transition: 300ms;\n        box-shadow: 0 12px 26px rgba(47, 125, 255, 0.35);\n        cursor: pointer;\n        font-size: 18px;\n    }\n    .rating_btn:hover {\n        background: linear-gradient(180deg, rgba(255, 255, 255, 0.1), rgba(255, 255, 255, 0.03)), #2060cc;\n    }    \n    noindex br{\n        display: none;\n    }\n<\/style>\n<p><noindex><br \/>\n    <a class=\"rating_btn\" href=\"https:\/\/www.gotoplaynow.link\/c\/531f4d32b72f085e\" rel=\"nofollow\" target=\"_blank\" title=\"Jogar com b\u00f4nus\"><br \/>\n        Jogar com b\u00f4nus<br \/>\n    <\/a><br \/>\n<\/noindex><\/p>\n<h2><strong>Modo de Demonstra\u00e7\u00e3o<\/strong><\/h2>\n<p>A vers\u00e3o de demonstra\u00e7\u00e3o \u00e9 uma ferramenta eficaz para jogadores novatos. Fornece uma vis\u00e3o abrangente do jogo sem exigir investimento financeiro. No caso do Aviator, o modo de demonstra\u00e7\u00e3o permite que os usu\u00e1rios aprofundem-se nos detalhes da gest\u00e3o de apostas e desenvolvam sua pr\u00f3pria estrat\u00e9gia de apostas, o que ser\u00e1 sem d\u00favida \u00fatil ao fazer a transi\u00e7\u00e3o para jogar com dinheiro real.<\/p>\n<h2><strong>Por que come\u00e7ar com uma demonstra\u00e7\u00e3o?<\/strong><\/h2>\n<ol>\n<li><strong>Seguran\u00e7a:<\/strong> Os jogadores n\u00e3o perdem dinheiro, j\u00e1 que todas as apostas s\u00e3o feitas com moeda virtual.<\/li>\n<li><strong>Valor educacional:<\/strong> A vers\u00e3o de demonstra\u00e7\u00e3o \u00e9 uma excelente oportunidade para aprender as regras sem pressa, dominando aspectos e funcionalidades.<\/li>\n<li><strong>Estrat\u00e9gia:<\/strong> Os usu\u00e1rios podem testar v\u00e1rias estrat\u00e9gias de apostas, aumentando suas chances de sucesso no futuro.<\/li>\n<li><strong>Divers\u00e3o sem compromisso:<\/strong> Usar a vers\u00e3o de demonstra\u00e7\u00e3o permite que voc\u00ea aproveite a jogabilidade para aqueles que n\u00e3o desejam participar de jogos de azar por dinheiro.<\/li>\n<\/ol>\n<h2><strong>Como come\u00e7ar a jogar de gra\u00e7a?<\/strong><\/h2>\n<p>Para come\u00e7ar a jogar no modo de demonstra\u00e7\u00e3o, voc\u00ea deve escolher um cassino online com software Aviator licenciado. No site do cassino, geralmente \u00e9 suficiente selecionar a op\u00e7\u00e3o &#8220;Demonstra\u00e7\u00e3o&#8221; ou &#8220;Jogar de Gra\u00e7a&#8221;. Em seguida, o sistema credita uma certa quantidade de cr\u00e9ditos virtuais para fazer apostas.<\/p>\n<h2><strong>Mec\u00e2nica e Recursos<\/strong><\/h2>\n<p>O jogo Aviator \u00e9 baseado no conceito de um coeficiente crescente &#8211; quanto mais tempo o avi\u00e3o voa antes de &#8220;desaparecer&#8221;, maior o multiplicador do coeficiente. A tarefa do jogador \u00e9 coletar os ganhos antes que o avi\u00e3o &#8220;saia de vista&#8221;.<\/p>\n<h2><strong>Aspectos importantes:<\/strong><\/h2>\n<ul>\n<li><strong>Gest\u00e3o do Tempo:<\/strong> O tempo \u00e9 um fator crucial; voc\u00ea precisa fazer uma aposta antes do in\u00edcio do pr\u00f3ximo &#8220;voo&#8221; e faz\u00ea-lo na hora certa.<\/li>\n<li><strong>An\u00e1lise de Probabilidade:<\/strong> A cada segundo que passa, o risco da partida do aviador aumenta; deve-se avaliar a probabilidade e fazer uma escolha informada.<\/li>\n<li><strong>Mudan\u00e7a de Estrat\u00e9gia:<\/strong> A capacidade de experimentar estrat\u00e9gias sem perdas permite o desenvolvimento de novas abordagens para a gest\u00e3o do bankroll.<\/li>\n<\/ul>\n<h2><strong>Transforma\u00e7\u00e3o de Experi\u00eancia<\/strong><\/h2>\n<p>Jogar no formato de demonstra\u00e7\u00e3o permite que os jogadores transfiram habilidades adquiridas e conhecimentos para o campo de batalha real do jogo. No entanto, deve-se lembrar do impacto psicol\u00f3gico do risco de dinheiro real em compara\u00e7\u00e3o com cr\u00e9ditos virtuais.<\/p>\n<h2><strong>Conclus\u00e3o<\/strong><\/h2>\n<p>Jogue de forma respons\u00e1vel: aproveite o ambiente seguro da vers\u00e3o de demonstra\u00e7\u00e3o do Aviator para aprendizado construtivo e desenvolvimento de estrat\u00e9gias sem quaisquer consequ\u00eancias financeiras. Apenas transferindo experi\u00eancia do mundo virtual para plataformas com dinheiro real \u00e9 poss\u00edvel alcan\u00e7ar ganhos significativos.<\/p>\n<p>Em conclus\u00e3o, vemos que a disponibilidade da vers\u00e3o gratuita do jogo \u00e9 um gesto generoso dos desenvolvedores para atrair novos usu\u00e1rios e uma oportunidade para entusiastas de jogos de azar expandirem sua experi\u00eancia sem prejudicar suas finan\u00e7as pessoais. Experimente sua sorte no Aviator gratuitamente para alcan\u00e7ar novos patamares de sucesso!<\/p>\n<style>\n    noindex{\n        width: 100%;\n        display: flex;\n        justify-content: center;\n        margin: 1em 0;\n    }\n    body noindex .rating_btn {\n        display: flex;\n        align-items: center;\n        justify-content: center;\n        padding: 12px 16px;\n        border-radius: 14px;\n        border: 1px solid rgb(255 255 255 \/ 12%);\n        background: linear-gradient(180deg, rgba(255, 255, 255, 0.1), rgba(255, 255, 255, 0.03)), #2f7dff;\n        color: white;\n        text-decoration: none;\n        font-weight: 800;\n        letter-spacing: 0.2px;\n        transition: 300ms;\n        box-shadow: 0 12px 26px rgba(47, 125, 255, 0.35);\n        cursor: pointer;\n        font-size: 18px;\n    }\n    .rating_btn:hover {\n        background: linear-gradient(180deg, rgba(255, 255, 255, 0.1), rgba(255, 255, 255, 0.03)), #2060cc;\n    }    \n    noindex br{\n        display: none;\n    }\n<\/style>\n<p><noindex><br \/>\n    <a class=\"rating_btn\" href=\"https:\/\/www.gotoplaynow.link\/c\/531f4d32b72f085e\" rel=\"nofollow\" target=\"_blank\" title=\"Jogar com b\u00f4nus\"><br \/>\n        Jogar com b\u00f4nus<br \/>\n    <\/a><br \/>\n<\/noindex><\/p>\n","protected":false},"excerpt":{"rendered":"<p>No din\u00e2mico mundo do entretenimento de jogos de azar, onde novos slots e m\u00e1quinas ca\u00e7a-n\u00edqueis aparecem todas as semanas, o jogo Aviator ocupa um lugar especial. Esta oferta incomum se &hellip; <a class=\"readmore\" href=\"https:\/\/aviator-gaming.com\/pt\/aviator-game-conquering-the-demo-version-without-risk-or-investment\/\">Continue Reading &rarr;<\/a><\/p>\n","protected":false},"author":1,"featured_media":0,"parent":0,"menu_order":0,"comment_status":"closed","ping_status":"closed","template":"","meta":{"footnotes":""},"class_list":["post-12","page","type-page","status-publish","hentry"],"yoast_head":"<!-- This site is optimized with the Yoast SEO plugin v27.2 - https:\/\/yoast.com\/product\/yoast-seo-wordpress\/ -->\n<title>Jogue Aviator de Gra\u00e7a<\/title>\n<meta name=\"description\" content=\"Reunimos todas as informa\u00e7\u00f5es sobre como jogar sua slot favorita, Aviator, gratuitamente. Como escolher a vers\u00e3o de demonstra\u00e7\u00e3o, jogar sem apostas e outras caracter\u00edsticas do jogo gratuito.\" \/>\n<meta name=\"robots\" content=\"index, follow, max-snippet:-1, max-image-preview:large, max-video-preview:-1\" \/>\n<link rel=\"canonical\" href=\"https:\/\/aviator-gaming.com\/pt\/aviator-game-conquering-the-demo-version-without-risk-or-investment\/\" \/>\n<meta property=\"og:locale\" content=\"pt_PT\" \/>\n<meta property=\"og:locale:alternate\" content=\"ru_RU\" \/>\n<meta property=\"og:locale:alternate\" content=\"en_US\" \/>\n<meta property=\"og:locale:alternate\" content=\"es_ES\" \/>\n<meta property=\"og:locale:alternate\" content=\"fr_FR\" \/>\n<meta property=\"og:locale:alternate\" content=\"sr_RS\" \/>\n<meta property=\"og:locale:alternate\" content=\"it_IT\" \/>\n<meta property=\"og:type\" content=\"article\" \/>\n<meta property=\"og:title\" content=\"Jogue Aviator de Gra\u00e7a\" \/>\n<meta property=\"og:description\" content=\"Reunimos todas as informa\u00e7\u00f5es sobre como jogar sua slot favorita, Aviator, gratuitamente. Como escolher a vers\u00e3o de demonstra\u00e7\u00e3o, jogar sem apostas e outras caracter\u00edsticas do jogo gratuito.\" \/>\n<meta property=\"og:url\" content=\"https:\/\/aviator-gaming.com\/pt\/aviator-game-conquering-the-demo-version-without-risk-or-investment\/\" \/>\n<meta property=\"og:site_name\" content=\"Aviator Game\" \/>\n<meta property=\"article:modified_time\" content=\"2026-04-10T08:50:46+00:00\" \/>\n<meta name=\"twitter:card\" content=\"summary_large_image\" \/>\n<meta name=\"twitter:label1\" content=\"Tempo estimado de leitura\" \/>\n\t<meta name=\"twitter:data1\" content=\"3 minutos\" \/>\n<script type=\"application\/ld+json\" class=\"yoast-schema-graph\">{\"@context\":\"https:\/\/schema.org\",\"@graph\":[{\"@type\":\"WebPage\",\"@id\":\"https:\/\/aviator-gaming.com\/it\/aviator-game-conquering-the-demo-version-without-risk-or-investment\/\",\"url\":\"https:\/\/aviator-gaming.com\/it\/aviator-game-conquering-the-demo-version-without-risk-or-investment\/\",\"name\":\"Jogue Aviator de Gra\u00e7a\",\"isPartOf\":{\"@id\":\"https:\/\/aviator-gaming.com\/#website\"},\"datePublished\":\"2024-04-29T19:41:02+00:00\",\"dateModified\":\"2026-04-10T08:50:46+00:00\",\"description\":\"Reunimos todas as informa\u00e7\u00f5es sobre como jogar sua slot favorita, Aviator, gratuitamente. Como escolher a vers\u00e3o de demonstra\u00e7\u00e3o, jogar sem apostas e outras caracter\u00edsticas do jogo gratuito.\",\"breadcrumb\":{\"@id\":\"https:\/\/aviator-gaming.com\/it\/aviator-game-conquering-the-demo-version-without-risk-or-investment\/#breadcrumb\"},\"inLanguage\":\"pt-PT\",\"potentialAction\":[{\"@type\":\"ReadAction\",\"target\":[\"https:\/\/aviator-gaming.com\/it\/aviator-game-conquering-the-demo-version-without-risk-or-investment\/\"]}]},{\"@type\":\"BreadcrumbList\",\"@id\":\"https:\/\/aviator-gaming.com\/it\/aviator-game-conquering-the-demo-version-without-risk-or-investment\/#breadcrumb\",\"itemListElement\":[{\"@type\":\"ListItem\",\"position\":1,\"name\":\"\u0413\u043b\u0430\u0432\u043d\u0430\u044f \u0441\u0442\u0440\u0430\u043d\u0438\u0446\u0430\",\"item\":\"https:\/\/aviator-gaming.com\/\"},{\"@type\":\"ListItem\",\"position\":2,\"name\":\"Gioco Aviator: Conquistare la Versione Demo Senza Rischi o Investimenti\"}]},{\"@type\":\"WebSite\",\"@id\":\"https:\/\/aviator-gaming.com\/#website\",\"url\":\"https:\/\/aviator-gaming.com\/\",\"name\":\"Crash game Aviator\",\"description\":\"\",\"publisher\":{\"@id\":\"https:\/\/aviator-gaming.com\/#organization\"},\"alternateName\":\"Crash slot Aviator\",\"potentialAction\":[{\"@type\":\"SearchAction\",\"target\":{\"@type\":\"EntryPoint\",\"urlTemplate\":\"https:\/\/aviator-gaming.com\/?s={search_term_string}\"},\"query-input\":{\"@type\":\"PropertyValueSpecification\",\"valueRequired\":true,\"valueName\":\"search_term_string\"}}],\"inLanguage\":\"pt-PT\"},{\"@type\":\"Organization\",\"@id\":\"https:\/\/aviator-gaming.com\/#organization\",\"name\":\"Crash game Aviator\",\"url\":\"https:\/\/aviator-gaming.com\/\",\"logo\":{\"@type\":\"ImageObject\",\"inLanguage\":\"pt-PT\",\"@id\":\"https:\/\/aviator-gaming.com\/#\/schema\/logo\/image\/\",\"url\":\"https:\/\/aviator-gaming.com\/wp-content\/uploads\/aviator-1.png\",\"contentUrl\":\"https:\/\/aviator-gaming.com\/wp-content\/uploads\/aviator-1.png\",\"width\":580,\"height\":223,\"caption\":\"Crash game Aviator\"},\"image\":{\"@id\":\"https:\/\/aviator-gaming.com\/#\/schema\/logo\/image\/\"}}]}<\/script>\n<!-- \/ Yoast SEO plugin. -->","yoast_head_json":{"title":"Jogue Aviator de Gra\u00e7a","description":"Reunimos todas as informa\u00e7\u00f5es sobre como jogar sua slot favorita, Aviator, gratuitamente. Como escolher a vers\u00e3o de demonstra\u00e7\u00e3o, jogar sem apostas e outras caracter\u00edsticas do jogo gratuito.","robots":{"index":"index","follow":"follow","max-snippet":"max-snippet:-1","max-image-preview":"max-image-preview:large","max-video-preview":"max-video-preview:-1"},"canonical":"https:\/\/aviator-gaming.com\/pt\/aviator-game-conquering-the-demo-version-without-risk-or-investment\/","og_locale":"pt_PT","og_type":"article","og_title":"[:ru]\u0418\u0433\u0440\u0430\u0442\u044c \u0432 \u0410\u0432\u0438\u0430\u0442\u043e\u0440 \u0431\u0435\u0441\u043f\u043b\u0430\u0442\u043d\u043e[:en]Play Aviator for Free[:pt]Jogue Aviator de Gra\u00e7a[:es]Juega Aviator Gratis[:fr]Jouez \u00e0 Aviator Gratuitement[:sr]\u0418\u0433\u0440\u0430\u0458\u0442\u0435 \u0410\u0432\u0438\u0458\u0430\u0442\u043e\u0440 \u0431\u0435\u0441\u043f\u043b\u0430\u0442\u043d\u043e[:it]Gioca ad Aviator Gratis[:]","og_description":"[:ru]\u041c\u044b \u0441\u043e\u0431\u0440\u0430\u043b\u0438 \u0432\u0441\u044e \u0438\u043d\u0444\u043e\u0440\u043c\u0430\u0446\u0438\u044e \u043e \u0442\u043e\u043c, \u043a\u0430\u043a \u0438\u0433\u0440\u0430\u0442\u044c \u0432 \u043b\u044e\u0431\u0438\u043c\u044b\u0439 \u0441\u043b\u043e\u0442 \u0410\u0432\u0438\u0430\u0442\u043e\u0440 \u0431\u0435\u0441\u043f\u043b\u0430\u0442\u043d\u043e. \u041a\u0430\u043a \u0432\u044b\u0431\u0440\u0430\u0442\u044c \u0434\u0435\u043c\u043e \u0432\u0435\u0440\u0441\u0438\u044e, \u0438\u0433\u0440\u0430\u0442\u044c \u0431\u0435\u0437 \u0441\u0442\u0430\u0432\u043e\u043a \u0438 \u0434\u0440\u0443\u0433\u0438\u0435 \u043e\u0441\u043e\u0431\u0435\u043d\u043d\u043e\u0441\u0442\u0438 \u0431\u0435\u0441\u043f\u043b\u0430\u0442\u043d\u043e\u0439 \u0438\u0433\u0440\u044b[:en]We have gathered all the information on how to play your favorite slot Aviator for free. How to choose the demo version, play without bets, and other features of free gaming.[:pt]Reunimos todas as informa\u00e7\u00f5es sobre como jogar sua slot favorita, Aviator, gratuitamente. Como escolher a vers\u00e3o de demonstra\u00e7\u00e3o, jogar sem apostas e outras caracter\u00edsticas do jogo gratuito.[:es]Hemos recopilado toda la informaci\u00f3n sobre c\u00f3mo jugar a tu tragamonedas favorita, Aviator, de forma gratuita. C\u00f3mo elegir la versi\u00f3n de demostraci\u00f3n, jugar sin apostar y otras caracter\u00edsticas del juego gratuito.[:fr]Nous avons rassembl\u00e9 toutes les informations sur la fa\u00e7on de jouer \u00e0 votre machine \u00e0 sous pr\u00e9f\u00e9r\u00e9e, Aviator, gratuitement. Comment choisir la version de d\u00e9monstration, jouer sans miser, et autres fonctionnalit\u00e9s du jeu gratuit.[:sr]\u0421\u0430\u043a\u0443\u043f\u0438\u043b\u0438 \u0441\u043c\u043e \u0441\u0432\u0435 \u0438\u043d\u0444\u043e\u0440\u043c\u0430\u0446\u0438\u0458\u0435 \u043e \u0442\u043e\u043c\u0435 \u043a\u0430\u043a\u043e \u0438\u0433\u0440\u0430\u0442\u0438 \u0432\u0430\u0448\u0443 \u043e\u043c\u0438\u0459\u0435\u043d\u0443 \u0441\u043b\u043e\u0442-\u0438\u0433\u0440\u0443, \u0410\u0432\u0438\u0458\u0430\u0442\u043e\u0440, \u0431\u0435\u0441\u043f\u043b\u0430\u0442\u043d\u043e. \u041a\u0430\u043a\u043e \u0438\u0437\u0430\u0431\u0440\u0430\u0442\u0438 \u0434\u0435\u043c\u043e \u0432\u0435\u0440\u0437\u0438\u0458\u0443, \u0438\u0433\u0440\u0430\u0442\u0438 \u0431\u0435\u0437 \u0443\u043b\u043e\u0433\u0430 \u0438 \u0434\u0440\u0443\u0433\u0435 \u043a\u0430\u0440\u0430\u043a\u0442\u0435\u0440\u0438\u0441\u0442\u0438\u043a\u0435 \u0431\u0435\u0441\u043f\u043b\u0430\u0442\u043d\u0435 \u0438\u0433\u0440\u0435.[:it]Abbiamo raccolto tutte le informazioni su come giocare alla tua slot preferita, Aviator, gratuitamente. Come scegliere la versione demo, giocare senza puntare e altre caratteristiche del gioco gratuito.[:]","og_url":"https:\/\/aviator-gaming.com\/pt\/aviator-game-conquering-the-demo-version-without-risk-or-investment\/","og_site_name":"Aviator Game","article_modified_time":"2026-04-10T08:50:46+00:00","twitter_card":"summary_large_image","twitter_misc":{"Tempo estimado de leitura":"3 minutos"},"schema":{"@context":"https:\/\/schema.org","@graph":[{"@type":"WebPage","@id":"https:\/\/aviator-gaming.com\/it\/aviator-game-conquering-the-demo-version-without-risk-or-investment\/","url":"https:\/\/aviator-gaming.com\/it\/aviator-game-conquering-the-demo-version-without-risk-or-investment\/","name":"Jogue Aviator de Gra\u00e7a","isPartOf":{"@id":"https:\/\/aviator-gaming.com\/#website"},"datePublished":"2024-04-29T19:41:02+00:00","dateModified":"2026-04-10T08:50:46+00:00","description":"Reunimos todas as informa\u00e7\u00f5es sobre como jogar sua slot favorita, Aviator, gratuitamente. Como escolher a vers\u00e3o de demonstra\u00e7\u00e3o, jogar sem apostas e outras caracter\u00edsticas do jogo gratuito.","breadcrumb":{"@id":"https:\/\/aviator-gaming.com\/it\/aviator-game-conquering-the-demo-version-without-risk-or-investment\/#breadcrumb"},"inLanguage":"pt-PT","potentialAction":[{"@type":"ReadAction","target":["https:\/\/aviator-gaming.com\/it\/aviator-game-conquering-the-demo-version-without-risk-or-investment\/"]}]},{"@type":"BreadcrumbList","@id":"https:\/\/aviator-gaming.com\/it\/aviator-game-conquering-the-demo-version-without-risk-or-investment\/#breadcrumb","itemListElement":[{"@type":"ListItem","position":1,"name":"\u0413\u043b\u0430\u0432\u043d\u0430\u044f \u0441\u0442\u0440\u0430\u043d\u0438\u0446\u0430","item":"https:\/\/aviator-gaming.com\/"},{"@type":"ListItem","position":2,"name":"Gioco Aviator: Conquistare la Versione Demo Senza Rischi o Investimenti"}]},{"@type":"WebSite","@id":"https:\/\/aviator-gaming.com\/#website","url":"https:\/\/aviator-gaming.com\/","name":"Crash game Aviator","description":"","publisher":{"@id":"https:\/\/aviator-gaming.com\/#organization"},"alternateName":"Crash slot Aviator","potentialAction":[{"@type":"SearchAction","target":{"@type":"EntryPoint","urlTemplate":"https:\/\/aviator-gaming.com\/?s={search_term_string}"},"query-input":{"@type":"PropertyValueSpecification","valueRequired":true,"valueName":"search_term_string"}}],"inLanguage":"pt-PT"},{"@type":"Organization","@id":"https:\/\/aviator-gaming.com\/#organization","name":"Crash game Aviator","url":"https:\/\/aviator-gaming.com\/","logo":{"@type":"ImageObject","inLanguage":"pt-PT","@id":"https:\/\/aviator-gaming.com\/#\/schema\/logo\/image\/","url":"https:\/\/aviator-gaming.com\/wp-content\/uploads\/aviator-1.png","contentUrl":"https:\/\/aviator-gaming.com\/wp-content\/uploads\/aviator-1.png","width":580,"height":223,"caption":"Crash game Aviator"},"image":{"@id":"https:\/\/aviator-gaming.com\/#\/schema\/logo\/image\/"}}]}},"_links":{"self":[{"href":"https:\/\/aviator-gaming.com\/pt\/wp-json\/wp\/v2\/pages\/12","targetHints":{"allow":["GET"]}}],"collection":[{"href":"https:\/\/aviator-gaming.com\/pt\/wp-json\/wp\/v2\/pages"}],"about":[{"href":"https:\/\/aviator-gaming.com\/pt\/wp-json\/wp\/v2\/types\/page"}],"author":[{"embeddable":true,"href":"https:\/\/aviator-gaming.com\/pt\/wp-json\/wp\/v2\/users\/1"}],"replies":[{"embeddable":true,"href":"https:\/\/aviator-gaming.com\/pt\/wp-json\/wp\/v2\/comments?post=12"}],"version-history":[{"count":25,"href":"https:\/\/aviator-gaming.com\/pt\/wp-json\/wp\/v2\/pages\/12\/revisions"}],"predecessor-version":[{"id":131,"href":"https:\/\/aviator-gaming.com\/pt\/wp-json\/wp\/v2\/pages\/12\/revisions\/131"}],"wp:attachment":[{"href":"https:\/\/aviator-gaming.com\/pt\/wp-json\/wp\/v2\/media?parent=12"}],"curies":[{"name":"wp","href":"https:\/\/api.w.org\/{rel}","templated":true}]}}