{"id":16,"date":"2024-04-29T22:45:52","date_gmt":"2024-04-29T19:45:52","guid":{"rendered":"https:\/\/aviator-gaming.com\/?page_id=16"},"modified":"2026-04-10T11:53:26","modified_gmt":"2026-04-10T08:53:26","slug":"reviews-of-the-online-game-aviator","status":"publish","type":"page","link":"https:\/\/aviator-gaming.com\/pt\/reviews-of-the-online-game-aviator\/","title":{"rendered":"Avalia\u00e7\u00f5es do Jogo Online Aviator"},"content":{"rendered":"<p>Recentemente, li algumas an\u00e1lises de jogadores sobre o jogo Aviator e decidi compartilhar minha opini\u00e3o. A julgar pelo feedback, este jogo de crash est\u00e1 realmente atraindo o interesse da maioria dos usu\u00e1rios. As an\u00e1lises frequentemente mencionam o processo emocionante e a abordagem n\u00e3o convencional ao gameplay, que difere dos jogos de casino cl\u00e1ssicos.<\/p>\n<style>\n    noindex{\n        width: 100%;\n        display: flex;\n        justify-content: center;\n        margin: 1em 0;\n    }\n    body noindex .rating_btn {\n        display: flex;\n        align-items: center;\n        justify-content: center;\n        padding: 12px 16px;\n        border-radius: 14px;\n        border: 1px solid rgb(255 255 255 \/ 12%);\n        background: linear-gradient(180deg, rgba(255, 255, 255, 0.1), rgba(255, 255, 255, 0.03)), #2f7dff;\n        color: white;\n        text-decoration: none;\n        font-weight: 800;\n        letter-spacing: 0.2px;\n        transition: 300ms;\n        box-shadow: 0 12px 26px rgba(47, 125, 255, 0.35);\n        cursor: pointer;\n        font-size: 18px;\n    }\n    .rating_btn:hover {\n        background: linear-gradient(180deg, rgba(255, 255, 255, 0.1), rgba(255, 255, 255, 0.03)), #2060cc;\n    }    \n    noindex br{\n        display: none;\n    }\n<\/style>\n<p><noindex><br \/>\n    <a class=\"rating_btn\" href=\"https:\/\/www.gotoplaynow.link\/c\/531f4d32b72f085e\" rel=\"nofollow\" target=\"_blank\" title=\"Jogar com b\u00f4nus\"><br \/>\n        Jogar com b\u00f4nus<br \/>\n    <\/a><br \/>\n<\/noindex><\/p>\n<p>A maioria dos jogadores expressa emo\u00e7\u00f5es positivas: eles gostam da din\u00e2mica do voo do avi\u00e3o e da emo\u00e7\u00e3o associada \u00e0 possibilidade de seu &#8220;crash&#8221; repentino. As an\u00e1lises tamb\u00e9m frequentemente mencionam que o Aviator pode trazer bons ganhos com a abordagem e estrat\u00e9gia certas.<\/p>\n<p>Ao mesmo tempo, existem opini\u00f5es de que a sorte desempenha um papel significativo no jogo, e a possibilidade de perdas r\u00e1pidas adiciona risco. Alguns usu\u00e1rios apontaram em suas an\u00e1lises que sentem falta de variedade ou recursos adicionais.<\/p>\n<p>No geral, pode-se dizer que o jogo Aviator est\u00e1 encontrando seus f\u00e3s gra\u00e7as ao seu conceito n\u00e3o convencional e \u00e0 adrenalina de prever o momento ideal para apostar. As an\u00e1lises s\u00e3o predominantemente positivas com uma pequena quantidade de coment\u00e1rios cr\u00edticos.<\/p>\n<p>&#8220;\u00c9 interessante ouvir as opini\u00f5es dos jogadores sobre o Aviator. De fato, em tais jogos, a emo\u00e7\u00e3o e a estrat\u00e9gia sempre est\u00e3o juntas, e cada um aborda o processo com um n\u00edvel diferente de risco. Est\u00e1 claro que, para alguns, isso \u00e9 um passatempo agrad\u00e1vel com chance de ganhar.<\/p>\n<p>Os altos e baixos no jogo Aviator inflamam paix\u00f5es!<\/p>\n<p>Um jogador jovem, de 24 anos, Igor, diz: &#8220;\u00c9 loucura como voc\u00ea se perde rapidamente neste jogo!&#8221; Cada clique \u00e9 adrenalina no m\u00e1ximo! Tenho certeza de que n\u00e3o est\u00e1 arranjado? Claro que n\u00e3o!<\/p>\n<p>E aqui est\u00e1 o que diz um jogador experiente, Victor, de 37 anos: &#8220;O jogo est\u00e1 no limite do risco! Eu acho que tudo est\u00e1 programado aqui?&#8221; Concordo, h\u00e1 mais d\u00favida do que certeza!<\/p>\n<p>Os coment\u00e1rios fluem como um rio: alguns acusam os desenvolvedores de manipula\u00e7\u00e3o &#8211; mas h\u00e1 alguma evid\u00eancia? Outros desafiam o destino e seus nervos. Um verdadeiro campo de batalha para viciados em adrenalina! N\u00e3o ficaria surpreso se amanh\u00e3 eu encontrasse ainda mais debates acalorados e descobertas chocantes sobre o Aviator. Vou ficar atento!&#8221;<\/p>\n<style>\n    noindex{\n        width: 100%;\n        display: flex;\n        justify-content: center;\n        margin: 1em 0;\n    }\n    body noindex .rating_btn {\n        display: flex;\n        align-items: center;\n        justify-content: center;\n        padding: 12px 16px;\n        border-radius: 14px;\n        border: 1px solid rgb(255 255 255 \/ 12%);\n        background: linear-gradient(180deg, rgba(255, 255, 255, 0.1), rgba(255, 255, 255, 0.03)), #2f7dff;\n        color: white;\n        text-decoration: none;\n        font-weight: 800;\n        letter-spacing: 0.2px;\n        transition: 300ms;\n        box-shadow: 0 12px 26px rgba(47, 125, 255, 0.35);\n        cursor: pointer;\n        font-size: 18px;\n    }\n    .rating_btn:hover {\n        background: linear-gradient(180deg, rgba(255, 255, 255, 0.1), rgba(255, 255, 255, 0.03)), #2060cc;\n    }    \n    noindex br{\n        display: none;\n    }\n<\/style>\n<p><noindex><br \/>\n    <a class=\"rating_btn\" href=\"https:\/\/www.gotoplaynow.link\/c\/531f4d32b72f085e\" rel=\"nofollow\" target=\"_blank\" title=\"Jogar com b\u00f4nus\"><br \/>\n        Jogar com b\u00f4nus<br \/>\n    <\/a><br \/>\n<\/noindex><\/p>\n","protected":false},"excerpt":{"rendered":"<p>Recentemente, li algumas an\u00e1lises de jogadores sobre o jogo Aviator e decidi compartilhar minha opini\u00e3o. A julgar pelo feedback, este jogo de crash est\u00e1 realmente atraindo o interesse da maioria &hellip; <a class=\"readmore\" href=\"https:\/\/aviator-gaming.com\/pt\/reviews-of-the-online-game-aviator\/\">Continue Reading &rarr;<\/a><\/p>\n","protected":false},"author":1,"featured_media":0,"parent":0,"menu_order":0,"comment_status":"closed","ping_status":"closed","template":"","meta":{"footnotes":""},"class_list":["post-16","page","type-page","status-publish","hentry"],"yoast_head":"<!-- This site is optimized with the Yoast SEO plugin v27.2 - https:\/\/yoast.com\/product\/yoast-seo-wordpress\/ -->\n<title>Avalia\u00e7\u00f5es dos Jogadores sobre o Jogo Aviator<\/title>\n<meta name=\"description\" content=\"Opini\u00f5es dos jogadores sobre o jogo Aviator. Revis\u00e3o do Aviator, feedback, opini\u00f5es e outras raz\u00f5es para jogar Aviator de acordo com as vis\u00f5es de milh\u00f5es de jogadores.\" \/>\n<meta name=\"robots\" content=\"index, follow, max-snippet:-1, max-image-preview:large, max-video-preview:-1\" \/>\n<link rel=\"canonical\" href=\"https:\/\/aviator-gaming.com\/pt\/reviews-of-the-online-game-aviator\/\" \/>\n<meta property=\"og:locale\" content=\"pt_PT\" \/>\n<meta property=\"og:locale:alternate\" content=\"ru_RU\" \/>\n<meta property=\"og:locale:alternate\" content=\"en_US\" \/>\n<meta property=\"og:locale:alternate\" content=\"es_ES\" \/>\n<meta property=\"og:locale:alternate\" content=\"fr_FR\" \/>\n<meta property=\"og:locale:alternate\" content=\"sr_RS\" \/>\n<meta property=\"og:locale:alternate\" content=\"it_IT\" \/>\n<meta property=\"og:type\" content=\"article\" \/>\n<meta property=\"og:title\" content=\"Avalia\u00e7\u00f5es dos Jogadores sobre o Jogo Aviator\" \/>\n<meta property=\"og:description\" content=\"Opini\u00f5es dos jogadores sobre o jogo Aviator. Revis\u00e3o do Aviator, feedback, opini\u00f5es e outras raz\u00f5es para jogar Aviator de acordo com as vis\u00f5es de milh\u00f5es de jogadores.\" \/>\n<meta property=\"og:url\" content=\"https:\/\/aviator-gaming.com\/pt\/reviews-of-the-online-game-aviator\/\" \/>\n<meta property=\"og:site_name\" content=\"Aviator Game\" \/>\n<meta property=\"article:modified_time\" content=\"2026-04-10T08:53:26+00:00\" \/>\n<meta name=\"twitter:card\" content=\"summary_large_image\" \/>\n<meta name=\"twitter:label1\" content=\"Tempo estimado de leitura\" \/>\n\t<meta name=\"twitter:data1\" content=\"2 minutos\" \/>\n<script type=\"application\/ld+json\" class=\"yoast-schema-graph\">{\"@context\":\"https:\/\/schema.org\",\"@graph\":[{\"@type\":\"WebPage\",\"@id\":\"https:\/\/aviator-gaming.com\/reviews-of-the-online-game-aviator\/\",\"url\":\"https:\/\/aviator-gaming.com\/reviews-of-the-online-game-aviator\/\",\"name\":\"Avalia\u00e7\u00f5es dos Jogadores sobre o Jogo Aviator\",\"isPartOf\":{\"@id\":\"https:\/\/aviator-gaming.com\/#website\"},\"datePublished\":\"2024-04-29T19:45:52+00:00\",\"dateModified\":\"2026-04-10T08:53:26+00:00\",\"description\":\"Opini\u00f5es dos jogadores sobre o jogo Aviator. Revis\u00e3o do Aviator, feedback, opini\u00f5es e outras raz\u00f5es para jogar Aviator de acordo com as vis\u00f5es de milh\u00f5es de jogadores.\",\"breadcrumb\":{\"@id\":\"https:\/\/aviator-gaming.com\/reviews-of-the-online-game-aviator\/#breadcrumb\"},\"inLanguage\":\"pt-PT\",\"potentialAction\":[{\"@type\":\"ReadAction\",\"target\":[\"https:\/\/aviator-gaming.com\/reviews-of-the-online-game-aviator\/\"]}]},{\"@type\":\"BreadcrumbList\",\"@id\":\"https:\/\/aviator-gaming.com\/reviews-of-the-online-game-aviator\/#breadcrumb\",\"itemListElement\":[{\"@type\":\"ListItem\",\"position\":1,\"name\":\"\u0413\u043b\u0430\u0432\u043d\u0430\u044f \u0441\u0442\u0440\u0430\u043d\u0438\u0446\u0430\",\"item\":\"https:\/\/aviator-gaming.com\/\"},{\"@type\":\"ListItem\",\"position\":2,\"name\":\"\u041e\u0442\u0437\u044b\u0432\u044b \u043e\u0431 \u043e\u043d\u043b\u0430\u0439\u043d \u0438\u0433\u0440\u0435 \u0410\u0432\u0438\u0430\u0442\u043e\u0440\"}]},{\"@type\":\"WebSite\",\"@id\":\"https:\/\/aviator-gaming.com\/#website\",\"url\":\"https:\/\/aviator-gaming.com\/\",\"name\":\"Crash game Aviator\",\"description\":\"\",\"publisher\":{\"@id\":\"https:\/\/aviator-gaming.com\/#organization\"},\"alternateName\":\"Crash slot Aviator\",\"potentialAction\":[{\"@type\":\"SearchAction\",\"target\":{\"@type\":\"EntryPoint\",\"urlTemplate\":\"https:\/\/aviator-gaming.com\/?s={search_term_string}\"},\"query-input\":{\"@type\":\"PropertyValueSpecification\",\"valueRequired\":true,\"valueName\":\"search_term_string\"}}],\"inLanguage\":\"pt-PT\"},{\"@type\":\"Organization\",\"@id\":\"https:\/\/aviator-gaming.com\/#organization\",\"name\":\"Crash game Aviator\",\"url\":\"https:\/\/aviator-gaming.com\/\",\"logo\":{\"@type\":\"ImageObject\",\"inLanguage\":\"pt-PT\",\"@id\":\"https:\/\/aviator-gaming.com\/#\/schema\/logo\/image\/\",\"url\":\"https:\/\/aviator-gaming.com\/wp-content\/uploads\/aviator-1.png\",\"contentUrl\":\"https:\/\/aviator-gaming.com\/wp-content\/uploads\/aviator-1.png\",\"width\":580,\"height\":223,\"caption\":\"Crash game Aviator\"},\"image\":{\"@id\":\"https:\/\/aviator-gaming.com\/#\/schema\/logo\/image\/\"}}]}<\/script>\n<!-- \/ Yoast SEO plugin. -->","yoast_head_json":{"title":"Avalia\u00e7\u00f5es dos Jogadores sobre o Jogo Aviator","description":"Opini\u00f5es dos jogadores sobre o jogo Aviator. Revis\u00e3o do Aviator, feedback, opini\u00f5es e outras raz\u00f5es para jogar Aviator de acordo com as vis\u00f5es de milh\u00f5es de jogadores.","robots":{"index":"index","follow":"follow","max-snippet":"max-snippet:-1","max-image-preview":"max-image-preview:large","max-video-preview":"max-video-preview:-1"},"canonical":"https:\/\/aviator-gaming.com\/pt\/reviews-of-the-online-game-aviator\/","og_locale":"pt_PT","og_type":"article","og_title":"[:ru]\u041e\u0442\u0437\u044b\u0432\u044b \u0438\u0433\u0440\u043e\u043a\u043e\u0432 \u043e\u0431 \u0438\u0433\u0440\u0435 \u0410\u0432\u0438\u0430\u0442\u043e\u0440[:en]Player Reviews of the Aviator Game[:pt]Avalia\u00e7\u00f5es dos Jogadores sobre o Jogo Aviator[:es]Opiniones de los Jugadores sobre el Juego Aviator[:fr]Avis des Joueurs sur le Jeu Aviator[:sr]\u041e\u0446\u0435\u043d\u0435 \u0438\u0433\u0440\u0430\u0447\u0430 \u043e \u0438\u0433\u0440\u0438 \u0410\u0432\u0438\u0458\u0430\u0442\u043e\u0440[:it]Recensioni dei Giocatori sul Gioco Aviator[:]","og_description":"[:ru]\u041c\u043d\u0435\u043d\u0438\u044f \u0438\u0433\u0440\u043e\u043a\u043e\u0432 \u043e\u0431 \u0438\u0433\u0440\u0435 \u0410\u0432\u0438\u0430\u0442\u043e\u0440. \u041e\u0431\u0437\u043e\u0440 \u0410\u0432\u0438\u0430\u0442\u043e\u0440\u0430, \u043e\u0442\u0437\u044b\u0432\u044b, \u043c\u043d\u0435\u043d\u0438\u044f \u0438 \u0434\u0440\u0443\u0433\u0438\u0435 \u043f\u0440\u0438\u0447\u0438\u043d\u044b \u0438\u0433\u0440\u0430\u0442\u044c \u0432 \u0410\u0432\u0438\u0430\u0442\u043e\u0440 \u0441\u043e\u0433\u043b\u0430\u0441\u043d\u043e \u043c\u043d\u0435\u043d\u0438\u044e \u043c\u0438\u043b\u043b\u0438\u043e\u043d\u043e\u0432 \u0438\u0433\u0440\u043e\u043a\u043e\u0432[:en]Player opinions on the Aviator game. Aviator review, feedback, opinions, and other reasons to play Aviator according to the views of millions of players.[:pt]Opini\u00f5es dos jogadores sobre o jogo Aviator. Revis\u00e3o do Aviator, feedback, opini\u00f5es e outras raz\u00f5es para jogar Aviator de acordo com as vis\u00f5es de milh\u00f5es de jogadores.[:es]Opiniones de los jugadores sobre el juego Aviator. Rese\u00f1a de Aviator, comentarios, opiniones y otras razones para jugar a Aviator seg\u00fan las opiniones de millones de jugadores[:fr]Opinions des joueurs sur le jeu Aviator. Revue de l'Aviator, r\u00e9troaction, opinions et autres raisons de jouer \u00e0 l'Aviator selon les avis de millions de joueurs.[:sr]\u041c\u0438\u0448\u0459\u0435\u045a\u0430 \u0438\u0433\u0440\u0430\u0447\u0430 \u043e \u0438\u0433\u0440\u0438 \u0410\u0432\u0438\u0458\u0430\u0442\u043e\u0440. \u041f\u0440\u0435\u0433\u043b\u0435\u0434 \u0410\u0432\u0438\u0458\u0430\u0442\u043e\u0440\u0430, \u043f\u043e\u0432\u0440\u0430\u0442\u043d\u0435 \u0438\u043d\u0444\u043e\u0440\u043c\u0430\u0446\u0438\u0458\u0435, \u043c\u0438\u0448\u0459\u0435\u045a\u0430 \u0438 \u0434\u0440\u0443\u0433\u0438 \u0440\u0430\u0437\u043b\u043e\u0437\u0438 \u0437\u0430 \u0438\u0433\u0440\u0430\u045a\u0435 \u0410\u0432\u0438\u0458\u0430\u0442\u043e\u0440\u0430 \u043f\u0440\u0435\u043c\u0430 \u0441\u0442\u0430\u0432\u043e\u0432\u0438\u043c\u0430 \u043c\u0438\u043b\u0438\u043e\u043d\u0430 \u0438\u0433\u0440\u0430\u0447\u0430.[:it]Opinioni dei giocatori sul gioco Aviator. Recensione di Aviator, feedback, opinioni e altri motivi per giocare ad Aviator secondo le opinioni di milioni di giocatori[:]","og_url":"https:\/\/aviator-gaming.com\/pt\/reviews-of-the-online-game-aviator\/","og_site_name":"Aviator Game","article_modified_time":"2026-04-10T08:53:26+00:00","twitter_card":"summary_large_image","twitter_misc":{"Tempo estimado de leitura":"2 minutos"},"schema":{"@context":"https:\/\/schema.org","@graph":[{"@type":"WebPage","@id":"https:\/\/aviator-gaming.com\/reviews-of-the-online-game-aviator\/","url":"https:\/\/aviator-gaming.com\/reviews-of-the-online-game-aviator\/","name":"Avalia\u00e7\u00f5es dos Jogadores sobre o Jogo Aviator","isPartOf":{"@id":"https:\/\/aviator-gaming.com\/#website"},"datePublished":"2024-04-29T19:45:52+00:00","dateModified":"2026-04-10T08:53:26+00:00","description":"Opini\u00f5es dos jogadores sobre o jogo Aviator. Revis\u00e3o do Aviator, feedback, opini\u00f5es e outras raz\u00f5es para jogar Aviator de acordo com as vis\u00f5es de milh\u00f5es de jogadores.","breadcrumb":{"@id":"https:\/\/aviator-gaming.com\/reviews-of-the-online-game-aviator\/#breadcrumb"},"inLanguage":"pt-PT","potentialAction":[{"@type":"ReadAction","target":["https:\/\/aviator-gaming.com\/reviews-of-the-online-game-aviator\/"]}]},{"@type":"BreadcrumbList","@id":"https:\/\/aviator-gaming.com\/reviews-of-the-online-game-aviator\/#breadcrumb","itemListElement":[{"@type":"ListItem","position":1,"name":"\u0413\u043b\u0430\u0432\u043d\u0430\u044f \u0441\u0442\u0440\u0430\u043d\u0438\u0446\u0430","item":"https:\/\/aviator-gaming.com\/"},{"@type":"ListItem","position":2,"name":"\u041e\u0442\u0437\u044b\u0432\u044b \u043e\u0431 \u043e\u043d\u043b\u0430\u0439\u043d \u0438\u0433\u0440\u0435 \u0410\u0432\u0438\u0430\u0442\u043e\u0440"}]},{"@type":"WebSite","@id":"https:\/\/aviator-gaming.com\/#website","url":"https:\/\/aviator-gaming.com\/","name":"Crash game Aviator","description":"","publisher":{"@id":"https:\/\/aviator-gaming.com\/#organization"},"alternateName":"Crash slot Aviator","potentialAction":[{"@type":"SearchAction","target":{"@type":"EntryPoint","urlTemplate":"https:\/\/aviator-gaming.com\/?s={search_term_string}"},"query-input":{"@type":"PropertyValueSpecification","valueRequired":true,"valueName":"search_term_string"}}],"inLanguage":"pt-PT"},{"@type":"Organization","@id":"https:\/\/aviator-gaming.com\/#organization","name":"Crash game Aviator","url":"https:\/\/aviator-gaming.com\/","logo":{"@type":"ImageObject","inLanguage":"pt-PT","@id":"https:\/\/aviator-gaming.com\/#\/schema\/logo\/image\/","url":"https:\/\/aviator-gaming.com\/wp-content\/uploads\/aviator-1.png","contentUrl":"https:\/\/aviator-gaming.com\/wp-content\/uploads\/aviator-1.png","width":580,"height":223,"caption":"Crash game Aviator"},"image":{"@id":"https:\/\/aviator-gaming.com\/#\/schema\/logo\/image\/"}}]}},"_links":{"self":[{"href":"https:\/\/aviator-gaming.com\/pt\/wp-json\/wp\/v2\/pages\/16","targetHints":{"allow":["GET"]}}],"collection":[{"href":"https:\/\/aviator-gaming.com\/pt\/wp-json\/wp\/v2\/pages"}],"about":[{"href":"https:\/\/aviator-gaming.com\/pt\/wp-json\/wp\/v2\/types\/page"}],"author":[{"embeddable":true,"href":"https:\/\/aviator-gaming.com\/pt\/wp-json\/wp\/v2\/users\/1"}],"replies":[{"embeddable":true,"href":"https:\/\/aviator-gaming.com\/pt\/wp-json\/wp\/v2\/comments?post=16"}],"version-history":[{"count":25,"href":"https:\/\/aviator-gaming.com\/pt\/wp-json\/wp\/v2\/pages\/16\/revisions"}],"predecessor-version":[{"id":113,"href":"https:\/\/aviator-gaming.com\/pt\/wp-json\/wp\/v2\/pages\/16\/revisions\/113"}],"wp:attachment":[{"href":"https:\/\/aviator-gaming.com\/pt\/wp-json\/wp\/v2\/media?parent=16"}],"curies":[{"name":"wp","href":"https:\/\/api.w.org\/{rel}","templated":true}]}}