{"id":16,"date":"2024-04-29T22:45:52","date_gmt":"2024-04-29T19:45:52","guid":{"rendered":"https:\/\/aviator-gaming.com\/?page_id=16"},"modified":"2024-04-30T04:26:16","modified_gmt":"2024-04-30T01:26:16","slug":"reviews-of-the-online-game-aviator","status":"publish","type":"page","link":"https:\/\/aviator-gaming.com\/sr\/reviews-of-the-online-game-aviator\/","title":{"rendered":"\u041e\u0446\u0435\u043d\u0435 \u043e\u043d\u043b\u0430\u0458\u043d \u0438\u0433\u0440\u0435 \u0410\u0432\u0438\u0430\u0442\u043e\u0440"},"content":{"rendered":"<p>\u041d\u0435\u0434\u0430\u0432\u043d\u043e \u0441\u0430\u043c \u043f\u0440\u043e\u0447\u0438\u0442\u0430\u043e \u043d\u0435\u043a\u0435 \u0440\u0435\u0446\u0435\u043d\u0437\u0438\u0458\u0435 \u0438\u0433\u0440\u0430\u0447\u0430 \u043e \u0438\u0433\u0440\u0438 \u0410\u0432\u0438\u0458\u0430\u0442\u043e\u0440 \u0438 \u043e\u0434\u043b\u0443\u0447\u0438\u043e \u0441\u0430\u043c \u0434\u0430 \u043f\u043e\u0434\u0435\u043b\u0438\u043c \u0441\u0432\u043e\u0458\u0435 \u043c\u0438\u0448\u0459\u0435\u045a\u0435. \u041f\u0440\u0435\u0433\u043b\u0435\u0434\u0430\u0458\u0443\u045b\u0438 \u043f\u043e\u0432\u0440\u0430\u0442\u043d\u0435 \u0438\u043d\u0444\u043e\u0440\u043c\u0430\u0446\u0438\u0458\u0435, \u043e\u0432\u0430 \u0438\u0433\u0440\u0430 \u0441\u0430 \u0443\u0434\u0430\u0440\u0446\u0435\u043c \u0437\u0430\u0438\u0441\u0442\u0430 \u043f\u0440\u0438\u0432\u043b\u0430\u0447\u0438 \u0438\u043d\u0442\u0435\u0440\u0435\u0441 \u0432\u0435\u045b\u0438\u043d\u0435 \u043a\u043e\u0440\u0438\u0441\u043d\u0438\u043a\u0430. \u0420\u0435\u0446\u0435\u043d\u0437\u0438\u0458\u0435 \u0447\u0435\u0441\u0442\u043e \u043f\u043e\u043c\u0438\u045a\u0443 \u0443\u0437\u0431\u0443\u0434\u0459\u0438\u0432 \u043f\u0440\u043e\u0446\u0435\u0441 \u0438 \u043d\u0435\u043e\u0431\u0438\u0447\u0430\u043d \u043f\u0440\u0438\u0441\u0442\u0443\u043f \u0438\u0433\u0440\u0438, \u043a\u043e\u0458\u0438 \u0441\u0435 \u0440\u0430\u0437\u043b\u0438\u043a\u0443\u0458\u0435 \u043e\u0434 \u043a\u043b\u0430\u0441\u0438\u0447\u043d\u0438\u0445 \u043a\u0430\u0437\u0438\u043d\u043e \u0438\u0433\u0430\u0440\u0430.<\/p>\n<p>\u0412\u0435\u045b\u0438\u043d\u0430 \u0438\u0433\u0440\u0430\u0447\u0430 \u0438\u0437\u0440\u0430\u0436\u0430\u0432\u0430 \u043f\u043e\u0437\u0438\u0442\u0438\u0432\u043d\u0435 \u0435\u043c\u043e\u0446\u0438\u0458\u0435: \u0443\u0436\u0438\u0432\u0430\u0458\u0443 \u0443 \u0434\u0438\u043d\u0430\u043c\u0438\u0446\u0438 \u043b\u0435\u0442\u0430 \u0430\u0432\u0438\u043e\u043d\u0430 \u0438 \u0443\u0437\u0431\u0443\u0452\u0435\u045a\u0443 \u043f\u043e\u0432\u0435\u0437\u0430\u043d\u043e\u043c \u0441\u0430 \u043c\u043e\u0433\u0443\u045b\u043d\u043e\u0448\u045b\u0443 \u045a\u0435\u0433\u043e\u0432\u043e\u0433 \u043e\u0434\u0458\u0435\u0434\u043d\u043e\u043c &#8222;\u0443\u0434\u0430\u0440\u0430&#8220;. \u0420\u0435\u0446\u0435\u043d\u0437\u0438\u0458\u0435 \u0442\u0430\u043a\u043e\u0452\u0435 \u0447\u0435\u0441\u0442\u043e \u043f\u043e\u043c\u0438\u045a\u0443 \u0434\u0430 \u0410\u0432\u0438\u0458\u0430\u0442\u043e\u0440 \u043c\u043e\u0436\u0435 \u0434\u043e\u043d\u0435\u0442\u0438 \u0434\u043e\u0431\u0438\u0442\u043a\u0435 \u0441\u0430 \u043f\u0440\u0430\u0432\u0438\u043c \u043f\u0440\u0438\u0441\u0442\u0443\u043f\u043e\u043c \u0438 \u0441\u0442\u0440\u0430\u0442\u0435\u0433\u0438\u0458\u043e\u043c.<\/p>\n<p>\u0418\u0441\u0442\u043e\u0432\u0440\u0435\u043c\u0435\u043d\u043e, \u043f\u043e\u0441\u0442\u043e\u0458\u0435 \u043c\u0438\u0448\u0459\u0435\u045a\u0430 \u0434\u0430 \u0441\u0440\u0435\u045b\u0430 \u0438\u0433\u0440\u0430 \u0437\u043d\u0430\u0447\u0430\u0458\u043d\u0443 \u0443\u043b\u043e\u0433\u0443 \u0443 \u0438\u0433\u0440\u0438, \u0430 \u043c\u043e\u0433\u0443\u045b\u043d\u043e\u0441\u0442 \u0431\u0440\u0437\u0438\u0445 \u0433\u0443\u0431\u0438\u0442\u0430\u043a\u0430 \u0434\u043e\u0434\u0430\u0458\u0435 \u0440\u0438\u0437\u0438\u043a. \u041d\u0435\u043a\u0438 \u043a\u043e\u0440\u0438\u0441\u043d\u0438\u0446\u0438 \u0441\u0443 \u0443 \u0441\u0432\u043e\u0458\u0438\u043c \u0440\u0435\u0446\u0435\u043d\u0437\u0438\u0458\u0430\u043c\u0430 \u043d\u0430\u0433\u043b\u0430\u0441\u0438\u043b\u0438 \u0434\u0430 \u0438\u043c \u043d\u0435\u0434\u043e\u0441\u0442\u0430\u0458\u0435 \u0440\u0430\u0437\u043d\u043e\u0432\u0440\u0441\u043d\u043e\u0441\u0442 \u0438\u043b\u0438 \u0434\u043e\u0434\u0430\u0442\u043d\u0435 \u0444\u0443\u043d\u043a\u0446\u0438\u0458\u0435.<\/p>\n<p>\u0423\u043a\u0440\u0430\u0442\u043a\u043e, \u043c\u043e\u0436\u0435 \u0441\u0435 \u0440\u0435\u045b\u0438 \u0434\u0430 \u0410\u0432\u0438\u0458\u0430\u0442\u043e\u0440 \u043d\u0430\u043b\u0430\u0437\u0438 \u0441\u0432\u043e\u0458\u0435 \u0444\u0430\u043d\u043e\u0432\u0435 \u0437\u0431\u043e\u0433 \u043d\u0435\u043e\u0431\u0438\u0447\u043d\u043e\u0433 \u043a\u043e\u043d\u0446\u0435\u043f\u0442\u0430 \u0438 \u0430\u0434\u0440\u0435\u043d\u0430\u043b\u0438\u043d\u0441\u043a\u043e\u0433 \u043d\u0430\u043f\u0430\u0434\u0430 \u043f\u0440\u0435\u0434\u0432\u0438\u0452\u0430\u045a\u0430 \u043e\u043f\u0442\u0438\u043c\u0430\u043b\u043d\u043e\u0433 \u0442\u0440\u0435\u043d\u0443\u0442\u043a\u0430 \u0437\u0430 \u043e\u0431\u043b\u043e\u0436\u0438\u0442\u0438. \u0420\u0435\u0446\u0435\u043d\u0437\u0438\u0458\u0435 \u0441\u0443 \u043f\u0440\u0435\u043e\u0432\u043b\u0430\u0452\u0443\u0458\u0443\u045b\u0435 \u043f\u043e\u0437\u0438\u0442\u0438\u0432\u043d\u0435 \u0441\u0430 \u043c\u0430\u043b\u043e\u043c \u043a\u043e\u043b\u0438\u0447\u0438\u043d\u043e\u043c \u043a\u0440\u0438\u0442\u0438\u0447\u043d\u0438\u0445 \u043a\u043e\u043c\u0435\u043d\u0442\u0430\u0440\u0430.<\/p>\n<p>&#8222;\u0418\u043d\u0442\u0435\u0440\u0435\u0441\u0430\u043d\u0442\u043d\u043e \u0458\u0435 \u0447\u0443\u0442\u0438 \u043c\u0438\u0448\u0459\u0435\u045a\u0430 \u0438\u0433\u0440\u0430\u0447\u0430 \u043e \u0410\u0432\u0438\u0458\u0430\u0442\u043e\u0440\u0443. \u0417\u0430\u0438\u0441\u0442\u0430, \u0443 \u0442\u0430\u043a\u0432\u0438\u043c \u0438\u0433\u0440\u0430\u043c\u0430 \u0443\u0437\u0431\u0443\u0434\u0459\u0435\u045a\u0435 \u0438 \u0441\u0442\u0440\u0430\u0442\u0435\u0433\u0438\u0458\u0430 \u0443\u0432\u0435\u043a \u0438\u0434\u0443 \u0437\u0430\u0458\u0435\u0434\u043d\u043e, \u0438 \u0441\u0432\u0430\u043a\u043e \u043f\u0440\u0438\u0441\u0442\u0443\u043f\u0430 \u043f\u0440\u043e\u0446\u0435\u0441\u0443 \u0441\u0430 \u0440\u0430\u0437\u043b\u0438\u0447\u0438\u0442\u0438\u043c \u043d\u0438\u0432\u043e\u043e\u043c \u0440\u0438\u0437\u0438\u043a\u0430. \u0408\u0430\u0441\u043d\u043e \u0458\u0435 \u0434\u0430 \u0437\u0430 \u043d\u0435\u043a\u0435 \u043e\u0432\u043e \u043f\u0440\u0435\u0434\u0441\u0442\u0430\u0432\u0459\u0430 \u043f\u0440\u0438\u0458\u0430\u0442\u043d\u043e \u043f\u0440\u043e\u0432\u043e\u0452\u0435\u045a\u0435 \u0432\u0440\u0435\u043c\u0435\u043d\u0430 \u0441\u0430 \u0448\u0430\u043d\u0441\u043e\u043c \u0437\u0430 \u043f\u043e\u0431\u0435\u0434\u0443.<\/p>\n<p>\u0423\u0441\u043f\u043e\u043d\u0438 \u0438 \u043f\u0430\u0434\u043e\u0432\u0438 \u0443 \u0438\u0433\u0440\u0438 \u0410\u0432\u0438\u0458\u0430\u0442\u043e\u0440 \u043f\u0430\u043b\u0438\u0446\u0435! \u041c\u043b\u0430\u0434\u0438 \u0438\u0433\u0440\u0430\u0447, 24-\u0433\u043e\u0434\u0438\u0448\u045a\u0438 \u0418\u0433\u043e\u0440, \u043a\u0430\u0436\u0435: &#8222;\u041f\u0440\u043e\u0441\u0442\u043e \u0458\u0435 \u043b\u0443\u0434\u0438\u043b\u043e \u043a\u043e\u043b\u0438\u043a\u043e \u0431\u0440\u0437\u043e \u0441\u0435 \u0433\u0443\u0431\u0438\u0442\u0435 \u0443 \u043e\u0432\u043e\u0458 \u0438\u0433\u0440\u0438!&#8220; \u0421\u0432\u0430\u043a\u0438 \u043a\u043b\u0438\u043a \u0458\u0435 \u0430\u0434\u0440\u0435\u043d\u0430\u043b\u0438\u043d \u0434\u043e \u043c\u0430\u043a\u0441\u0438\u043c\u0443\u043c\u0430! \u0414\u0430 \u043b\u0438 \u0441\u0430\u043c \u0441\u0438\u0433\u0443\u0440\u0430\u043d \u0434\u0430 \u043d\u0438\u0458\u0435 \u043d\u0430\u043c\u0435\u0448\u0442\u0435\u043d\u043e? \u041d\u0430\u0440\u0430\u0432\u043d\u043e \u0434\u0430 \u043d\u0435!<\/p>\n<p>\u0410 \u0435\u0432\u043e \u0448\u0442\u0430 \u043a\u0430\u0436\u0435 \u0438\u0441\u043a\u0443\u0441\u043d\u0438 \u0438\u0433\u0440\u0430\u0447, 37-\u0433\u043e\u0434\u0438\u0448\u045a\u0438 \u0412\u0438\u043a\u0442\u043e\u0440: &#8222;\u0418\u0433\u0440\u0430 \u0458\u0435 \u043d\u0430 \u0438\u0432\u0438\u0446\u0438 \u0440\u0438\u0437\u0438\u043a\u0430! \u0414\u0430 \u043b\u0438 \u043c\u0438\u0441\u043b\u0438\u043c \u0434\u0430 \u0458\u0435 \u0441\u0432\u0435 \u043f\u0440\u043e\u0433\u0440\u0430\u043c\u0438\u0440\u0430\u043d\u043e \u043e\u0432\u0434\u0435?&#8220; \u0421\u043b\u0430\u0436\u0435\u043c\u043e \u0441\u0435, \u0438\u043c\u0430 \u0432\u0438\u0448\u0435 \u0441\u0443\u043c\u045a\u0438 \u043d\u0435\u0433\u043e \u0441\u0438\u0433\u0443\u0440\u043d\u043e\u0441\u0442\u0438!<\/p>\n<p>\u041a\u043e\u043c\u0435\u043d\u0442\u0430\u0440\u0438 \u0442\u0435\u043a\u0443 \u043a\u0430\u043e \u0440\u0435\u043a\u0430: \u043d\u0435\u043a\u0438 \u043e\u043f\u0442\u0443\u0436\u0443\u0458\u0443 \u0440\u0430\u0437\u0432\u043e\u0458\u0430\u0447\u0435 \u0437\u0430 \u043c\u0430\u043d\u0438\u043f\u0443\u043b\u0430\u0446\u0438\u0458\u0435 &#8211; \u0430 \u0438\u043c\u0430 \u043b\u0438 \u0434\u043e\u043a\u0430\u0437\u0430? \u0414\u0440\u0443\u0433\u0438 &#8211; \u0438\u0437\u0430\u0437\u043e\u0432\u0443 \u0441\u0443\u0434\u0431\u0438\u043d\u0443 \u0438 \u0441\u0432\u043e\u0458\u0435 \u043d\u0435\u0440\u0432\u0435. \u041f\u0440\u0430\u0432\u043e \u0440\u0430\u0442\u0438\u0448\u0442\u0435 \u0437\u0430 \u0459\u0443\u0431\u0438\u0442\u0435\u0459\u0435 \u0430\u0434\u0440\u0435\u043d\u0430\u043b\u0438\u043d\u0430! \u041d\u0435 \u0431\u0438\u0445 \u0441\u0435 \u0438\u0437\u043d\u0435\u043d\u0430\u0434\u0438\u043e \u0430\u043a\u043e \u0441\u0443\u0442\u0440\u0430 \u043e\u0442\u043a\u0440\u0438\u0458\u0435\u043c \u0458\u043e\u0448 \u0432\u0438\u0448\u0435 \u0437\u0430\u0433\u0440\u0435\u0458\u0430\u043d\u0438\u0445 \u0434\u0435\u0431\u0430\u0442\u0430 \u0438 \u0448\u043e\u043a\u0430\u043d\u0442\u043d\u0438\u0445 \u043e\u0442\u043a\u0440\u0438\u045b\u0430 \u043e \u0410\u0432\u0438\u0458\u0430\u0442\u043e\u0440\u0443. \u041e\u0441\u0442\u0430\u045b\u0443 \u0443 \u0442\u043e\u043a\u0443!&#8220;<\/p>\n","protected":false},"excerpt":{"rendered":"<p>\u041d\u0435\u0434\u0430\u0432\u043d\u043e \u0441\u0430\u043c \u043f\u0440\u043e\u0447\u0438\u0442\u0430\u043e \u043d\u0435\u043a\u0435 \u0440\u0435\u0446\u0435\u043d\u0437\u0438\u0458\u0435 \u0438\u0433\u0440\u0430\u0447\u0430 \u043e \u0438\u0433\u0440\u0438 \u0410\u0432\u0438\u0458\u0430\u0442\u043e\u0440 \u0438 \u043e\u0434\u043b\u0443\u0447\u0438\u043e \u0441\u0430\u043c \u0434\u0430 \u043f\u043e\u0434\u0435\u043b\u0438\u043c \u0441\u0432\u043e\u0458\u0435 \u043c\u0438\u0448\u0459\u0435\u045a\u0435. \u041f\u0440\u0435\u0433\u043b\u0435\u0434\u0430\u0458\u0443\u045b\u0438 \u043f\u043e\u0432\u0440\u0430\u0442\u043d\u0435 \u0438\u043d\u0444\u043e\u0440\u043c\u0430\u0446\u0438\u0458\u0435, \u043e\u0432\u0430 \u0438\u0433\u0440\u0430 \u0441\u0430 \u0443\u0434\u0430\u0440\u0446\u0435\u043c \u0437\u0430\u0438\u0441\u0442\u0430 \u043f\u0440\u0438\u0432\u043b\u0430\u0447\u0438 \u0438\u043d\u0442\u0435\u0440\u0435\u0441 \u0432\u0435\u045b\u0438\u043d\u0435 \u043a\u043e\u0440\u0438\u0441\u043d\u0438\u043a\u0430. \u0420\u0435\u0446\u0435\u043d\u0437\u0438\u0458\u0435 \u0447\u0435\u0441\u0442\u043e &hellip; <a class=\"readmore\" href=\"https:\/\/aviator-gaming.com\/sr\/reviews-of-the-online-game-aviator\/\">Continue Reading &rarr;<\/a><\/p>\n","protected":false},"author":1,"featured_media":0,"parent":0,"menu_order":0,"comment_status":"closed","ping_status":"closed","template":"","meta":{"footnotes":""},"class_list":["post-16","page","type-page","status-publish","hentry"],"yoast_head":"<!-- This site is optimized with the Yoast SEO plugin v27.2 - https:\/\/yoast.com\/product\/yoast-seo-wordpress\/ -->\n<title>Avalia\u00e7\u00f5es dos Jogadores sobre o Jogo Aviator<\/title>\n<meta name=\"description\" content=\"\u041c\u0438\u0448\u0459\u0435\u045a\u0430 \u0438\u0433\u0440\u0430\u0447\u0430 \u043e \u0438\u0433\u0440\u0438 \u0410\u0432\u0438\u0458\u0430\u0442\u043e\u0440. \u041f\u0440\u0435\u0433\u043b\u0435\u0434 \u0410\u0432\u0438\u0458\u0430\u0442\u043e\u0440\u0430, \u043f\u043e\u0432\u0440\u0430\u0442\u043d\u0435 \u0438\u043d\u0444\u043e\u0440\u043c\u0430\u0446\u0438\u0458\u0435, \u043c\u0438\u0448\u0459\u0435\u045a\u0430 \u0438 \u0434\u0440\u0443\u0433\u0438 \u0440\u0430\u0437\u043b\u043e\u0437\u0438 \u0437\u0430 \u0438\u0433\u0440\u0430\u045a\u0435 \u0410\u0432\u0438\u0458\u0430\u0442\u043e\u0440\u0430 \u043f\u0440\u0435\u043c\u0430 \u0441\u0442\u0430\u0432\u043e\u0432\u0438\u043c\u0430 \u043c\u0438\u043b\u0438\u043e\u043d\u0430 \u0438\u0433\u0440\u0430\u0447\u0430.\" \/>\n<meta name=\"robots\" content=\"index, follow, max-snippet:-1, max-image-preview:large, max-video-preview:-1\" \/>\n<link rel=\"canonical\" href=\"https:\/\/aviator-gaming.com\/sr\/reviews-of-the-online-game-aviator\/\" \/>\n<meta property=\"og:locale\" content=\"sr_RS\" \/>\n<meta property=\"og:locale:alternate\" content=\"ru_RU\" \/>\n<meta property=\"og:locale:alternate\" content=\"en_US\" \/>\n<meta property=\"og:locale:alternate\" content=\"pt_PT\" \/>\n<meta property=\"og:locale:alternate\" content=\"es_ES\" \/>\n<meta property=\"og:locale:alternate\" content=\"fr_FR\" \/>\n<meta property=\"og:locale:alternate\" content=\"it_IT\" \/>\n<meta property=\"og:type\" content=\"article\" \/>\n<meta property=\"og:title\" content=\"Avalia\u00e7\u00f5es dos Jogadores sobre o Jogo Aviator\" \/>\n<meta property=\"og:description\" content=\"Opini\u00f5es dos jogadores sobre o jogo Aviator. Revis\u00e3o do Aviator, feedback, opini\u00f5es e outras raz\u00f5es para jogar Aviator de acordo com as vis\u00f5es de milh\u00f5es de jogadores.\" \/>\n<meta property=\"og:url\" content=\"https:\/\/aviator-gaming.com\/sr\/reviews-of-the-online-game-aviator\/\" \/>\n<meta property=\"og:site_name\" content=\"Aviator Game\" \/>\n<meta property=\"article:modified_time\" content=\"2024-04-30T01:26:16+00:00\" \/>\n<meta name=\"twitter:card\" content=\"summary_large_image\" \/>\n<meta name=\"twitter:label1\" content=\"\u041f\u0440\u043e\u0446\u0435\u045a\u0435\u043d\u043e \u0432\u0440\u0435\u043c\u0435 \u0447\u0438\u0442\u0430\u045a\u0430\" \/>\n\t<meta name=\"twitter:data1\" content=\"9 \u043c\u0438\u043d\u0443\u0442\u0430\" \/>\n<script type=\"application\/ld+json\" class=\"yoast-schema-graph\">{\"@context\":\"https:\/\/schema.org\",\"@graph\":[{\"@type\":\"WebPage\",\"@id\":\"https:\/\/aviator-gaming.com\/pt\/reviews-of-the-online-game-aviator\/\",\"url\":\"https:\/\/aviator-gaming.com\/pt\/reviews-of-the-online-game-aviator\/\",\"name\":\"Avalia\u00e7\u00f5es dos Jogadores sobre o Jogo Aviator\",\"isPartOf\":{\"@id\":\"https:\/\/aviator-gaming.com\/#website\"},\"datePublished\":\"2024-04-29T19:45:52+00:00\",\"dateModified\":\"2024-04-30T01:26:16+00:00\",\"description\":\"Opini\u00f5es dos jogadores sobre o jogo Aviator. Revis\u00e3o do Aviator, feedback, opini\u00f5es e outras raz\u00f5es para jogar Aviator de acordo com as vis\u00f5es de milh\u00f5es de jogadores.\",\"breadcrumb\":{\"@id\":\"https:\/\/aviator-gaming.com\/pt\/reviews-of-the-online-game-aviator\/#breadcrumb\"},\"inLanguage\":\"sr-RS\",\"potentialAction\":[{\"@type\":\"ReadAction\",\"target\":[\"https:\/\/aviator-gaming.com\/pt\/reviews-of-the-online-game-aviator\/\"]}]},{\"@type\":\"BreadcrumbList\",\"@id\":\"https:\/\/aviator-gaming.com\/pt\/reviews-of-the-online-game-aviator\/#breadcrumb\",\"itemListElement\":[{\"@type\":\"ListItem\",\"position\":1,\"name\":\"\u0413\u043b\u0430\u0432\u043d\u0430\u044f \u0441\u0442\u0440\u0430\u043d\u0438\u0446\u0430\",\"item\":\"https:\/\/aviator-gaming.com\/\"},{\"@type\":\"ListItem\",\"position\":2,\"name\":\"Avalia\u00e7\u00f5es do Jogo Online Aviator\"}]},{\"@type\":\"WebSite\",\"@id\":\"https:\/\/aviator-gaming.com\/#website\",\"url\":\"https:\/\/aviator-gaming.com\/\",\"name\":\"Aviator Game\",\"description\":\"\",\"publisher\":{\"@id\":\"https:\/\/aviator-gaming.com\/#organization\"},\"potentialAction\":[{\"@type\":\"SearchAction\",\"target\":{\"@type\":\"EntryPoint\",\"urlTemplate\":\"https:\/\/aviator-gaming.com\/?s={search_term_string}\"},\"query-input\":{\"@type\":\"PropertyValueSpecification\",\"valueRequired\":true,\"valueName\":\"search_term_string\"}}],\"inLanguage\":\"sr-RS\"},{\"@type\":\"Organization\",\"@id\":\"https:\/\/aviator-gaming.com\/#organization\",\"name\":\"Aviator Game\",\"url\":\"https:\/\/aviator-gaming.com\/\",\"logo\":{\"@type\":\"ImageObject\",\"inLanguage\":\"sr-RS\",\"@id\":\"https:\/\/aviator-gaming.com\/#\/schema\/logo\/image\/\",\"url\":\"https:\/\/aviator-gaming.com\/wp-content\/uploads\/aviator-1.png\",\"contentUrl\":\"https:\/\/aviator-gaming.com\/wp-content\/uploads\/aviator-1.png\",\"width\":580,\"height\":223,\"caption\":\"Aviator Game\"},\"image\":{\"@id\":\"https:\/\/aviator-gaming.com\/#\/schema\/logo\/image\/\"}}]}<\/script>\n<!-- \/ Yoast SEO plugin. -->","yoast_head_json":{"title":"Avalia\u00e7\u00f5es dos Jogadores sobre o Jogo Aviator","description":"\u041c\u0438\u0448\u0459\u0435\u045a\u0430 \u0438\u0433\u0440\u0430\u0447\u0430 \u043e \u0438\u0433\u0440\u0438 \u0410\u0432\u0438\u0458\u0430\u0442\u043e\u0440. \u041f\u0440\u0435\u0433\u043b\u0435\u0434 \u0410\u0432\u0438\u0458\u0430\u0442\u043e\u0440\u0430, \u043f\u043e\u0432\u0440\u0430\u0442\u043d\u0435 \u0438\u043d\u0444\u043e\u0440\u043c\u0430\u0446\u0438\u0458\u0435, \u043c\u0438\u0448\u0459\u0435\u045a\u0430 \u0438 \u0434\u0440\u0443\u0433\u0438 \u0440\u0430\u0437\u043b\u043e\u0437\u0438 \u0437\u0430 \u0438\u0433\u0440\u0430\u045a\u0435 \u0410\u0432\u0438\u0458\u0430\u0442\u043e\u0440\u0430 \u043f\u0440\u0435\u043c\u0430 \u0441\u0442\u0430\u0432\u043e\u0432\u0438\u043c\u0430 \u043c\u0438\u043b\u0438\u043e\u043d\u0430 \u0438\u0433\u0440\u0430\u0447\u0430.","robots":{"index":"index","follow":"follow","max-snippet":"max-snippet:-1","max-image-preview":"max-image-preview:large","max-video-preview":"max-video-preview:-1"},"canonical":"https:\/\/aviator-gaming.com\/sr\/reviews-of-the-online-game-aviator\/","og_locale":"sr_RS","og_type":"article","og_title":"Avalia\u00e7\u00f5es dos Jogadores sobre o Jogo Aviator","og_description":"Opini\u00f5es dos jogadores sobre o jogo Aviator. Revis\u00e3o do Aviator, feedback, opini\u00f5es e outras raz\u00f5es para jogar Aviator de acordo com as vis\u00f5es de milh\u00f5es de jogadores.","og_url":"https:\/\/aviator-gaming.com\/sr\/reviews-of-the-online-game-aviator\/","og_site_name":"Aviator Game","article_modified_time":"2024-04-30T01:26:16+00:00","twitter_card":"summary_large_image","twitter_misc":{"\u041f\u0440\u043e\u0446\u0435\u045a\u0435\u043d\u043e \u0432\u0440\u0435\u043c\u0435 \u0447\u0438\u0442\u0430\u045a\u0430":"9 \u043c\u0438\u043d\u0443\u0442\u0430"},"schema":{"@context":"https:\/\/schema.org","@graph":[{"@type":"WebPage","@id":"https:\/\/aviator-gaming.com\/pt\/reviews-of-the-online-game-aviator\/","url":"https:\/\/aviator-gaming.com\/pt\/reviews-of-the-online-game-aviator\/","name":"Avalia\u00e7\u00f5es dos Jogadores sobre o Jogo Aviator","isPartOf":{"@id":"https:\/\/aviator-gaming.com\/#website"},"datePublished":"2024-04-29T19:45:52+00:00","dateModified":"2024-04-30T01:26:16+00:00","description":"Opini\u00f5es dos jogadores sobre o jogo Aviator. Revis\u00e3o do Aviator, feedback, opini\u00f5es e outras raz\u00f5es para jogar Aviator de acordo com as vis\u00f5es de milh\u00f5es de jogadores.","breadcrumb":{"@id":"https:\/\/aviator-gaming.com\/pt\/reviews-of-the-online-game-aviator\/#breadcrumb"},"inLanguage":"sr-RS","potentialAction":[{"@type":"ReadAction","target":["https:\/\/aviator-gaming.com\/pt\/reviews-of-the-online-game-aviator\/"]}]},{"@type":"BreadcrumbList","@id":"https:\/\/aviator-gaming.com\/pt\/reviews-of-the-online-game-aviator\/#breadcrumb","itemListElement":[{"@type":"ListItem","position":1,"name":"\u0413\u043b\u0430\u0432\u043d\u0430\u044f \u0441\u0442\u0440\u0430\u043d\u0438\u0446\u0430","item":"https:\/\/aviator-gaming.com\/"},{"@type":"ListItem","position":2,"name":"Avalia\u00e7\u00f5es do Jogo Online Aviator"}]},{"@type":"WebSite","@id":"https:\/\/aviator-gaming.com\/#website","url":"https:\/\/aviator-gaming.com\/","name":"Aviator Game","description":"","publisher":{"@id":"https:\/\/aviator-gaming.com\/#organization"},"potentialAction":[{"@type":"SearchAction","target":{"@type":"EntryPoint","urlTemplate":"https:\/\/aviator-gaming.com\/?s={search_term_string}"},"query-input":{"@type":"PropertyValueSpecification","valueRequired":true,"valueName":"search_term_string"}}],"inLanguage":"sr-RS"},{"@type":"Organization","@id":"https:\/\/aviator-gaming.com\/#organization","name":"Aviator Game","url":"https:\/\/aviator-gaming.com\/","logo":{"@type":"ImageObject","inLanguage":"sr-RS","@id":"https:\/\/aviator-gaming.com\/#\/schema\/logo\/image\/","url":"https:\/\/aviator-gaming.com\/wp-content\/uploads\/aviator-1.png","contentUrl":"https:\/\/aviator-gaming.com\/wp-content\/uploads\/aviator-1.png","width":580,"height":223,"caption":"Aviator Game"},"image":{"@id":"https:\/\/aviator-gaming.com\/#\/schema\/logo\/image\/"}}]}},"_links":{"self":[{"href":"https:\/\/aviator-gaming.com\/sr\/wp-json\/wp\/v2\/pages\/16","targetHints":{"allow":["GET"]}}],"collection":[{"href":"https:\/\/aviator-gaming.com\/sr\/wp-json\/wp\/v2\/pages"}],"about":[{"href":"https:\/\/aviator-gaming.com\/sr\/wp-json\/wp\/v2\/types\/page"}],"author":[{"embeddable":true,"href":"https:\/\/aviator-gaming.com\/sr\/wp-json\/wp\/v2\/users\/1"}],"replies":[{"embeddable":true,"href":"https:\/\/aviator-gaming.com\/sr\/wp-json\/wp\/v2\/comments?post=16"}],"version-history":[{"count":13,"href":"https:\/\/aviator-gaming.com\/sr\/wp-json\/wp\/v2\/pages\/16\/revisions"}],"predecessor-version":[{"id":68,"href":"https:\/\/aviator-gaming.com\/sr\/wp-json\/wp\/v2\/pages\/16\/revisions\/68"}],"wp:attachment":[{"href":"https:\/\/aviator-gaming.com\/sr\/wp-json\/wp\/v2\/media?parent=16"}],"curies":[{"name":"wp","href":"https:\/\/api.w.org\/{rel}","templated":true}]}}